{"id":916,"date":"2024-10-28T12:42:44","date_gmt":"2024-10-28T10:42:44","guid":{"rendered":"https:\/\/sklep.superfeet.pl\/?post_type=product&#038;p=916"},"modified":"2025-09-15T19:33:00","modified_gmt":"2025-09-15T17:33:00","slug":"winter-thin-support","status":"publish","type":"product","link":"https:\/\/sklep.superfeet.pl\/index.php\/product\/winter-thin-support\/","title":{"rendered":"Winter Thin Support"},"content":{"rendered":"<p><strong data-wp-editing=\"1\"><img loading=\"lazy\" decoding=\"async\" class=\"wp-image-923 size-full alignleft\" src=\"https:\/\/sklep.superfeet.pl\/wp-content\/uploads\/2024\/10\/FL8101_Winter_Thin_Support_Insole_Image_View_1_Pair_V02-400x225-99571373-bfb0-4eac-97b1-a16da6c4b444.jpg\" alt=\"\" width=\"400\" height=\"225\" srcset=\"https:\/\/sklep.superfeet.pl\/wp-content\/uploads\/2024\/10\/FL8101_Winter_Thin_Support_Insole_Image_View_1_Pair_V02-400x225-99571373-bfb0-4eac-97b1-a16da6c4b444.jpg 400w, https:\/\/sklep.superfeet.pl\/wp-content\/uploads\/2024\/10\/FL8101_Winter_Thin_Support_Insole_Image_View_1_Pair_V02-400x225-99571373-bfb0-4eac-97b1-a16da6c4b444-300x169.jpg 300w\" sizes=\"auto, (max-width: 400px) 100vw, 400px\" \/>A.<\/strong><strong>\u00a0TRWA\u0141A KONSTRUKCJA<br \/>\n<\/strong><span lang=\"pl\">Wk\u0142adki Superfeet zachowuj\u0105 sw\u00f3j kszta\u0142t, zapewniaj\u0105c niezawodne podparcie i wygod\u0119 przez 12 miesi\u0119cy lub do 800 km, w zale\u017cno\u015bci od tego, co nast\u0105pi wcze\u015bniej.<\/span><\/p>\n<p><strong>B. MOISTUREWICK\u2122<\/strong><br \/>\nD\u0142ugotrwa\u0142a kontrola zapachu.<\/p>\n<p><strong>C. DYNAMICZNY KSZTA\u0141T<\/strong><br \/>\nWyprofilowany, aby ustabilizowa\u0107 i podeprze\u0107 stop\u0119, zmniejszaj\u0105c nacisk na stawy skokowe i kolanowe.<\/p>\n<p>&nbsp;<\/p>\n<p><strong>D. ELASTYCZNA \u0141O\u017bE NA PI\u0118T\u0118<\/strong><br \/>\n\u0141o\u017ce pi\u0119ty w kszta\u0142cie podkowy zapewnia struktur\u0119 i stabilno\u015b\u0107.<\/p>\n<p><strong>\u00a0E. WARSTWA SPECJALNEJ PIANKI<\/strong><br \/>\nCienka, mocna warstwa pianki dodaje stabilno\u015bci.<\/p>\n<p><strong>\u00a0F. WARSTWA EVOLYTE<\/strong><br \/>\nW\u0142\u00f3kno w\u0119glowe zachowuje sw\u00f3j kszta\u0142t przy ka\u017cdym skr\u0119cie.<\/p>\n<p><img loading=\"lazy\" decoding=\"async\" class=\"alignnone wp-image-922 size-full\" src=\"https:\/\/sklep.superfeet.pl\/wp-content\/uploads\/2024\/10\/23SF_Winter_Med_001-1280x853-f7a6eeff-eec1-4c7e-86e5-88b8ad5672b0.jpg\" alt=\"\" width=\"1280\" height=\"853\" srcset=\"https:\/\/sklep.superfeet.pl\/wp-content\/uploads\/2024\/10\/23SF_Winter_Med_001-1280x853-f7a6eeff-eec1-4c7e-86e5-88b8ad5672b0.jpg 1280w, https:\/\/sklep.superfeet.pl\/wp-content\/uploads\/2024\/10\/23SF_Winter_Med_001-1280x853-f7a6eeff-eec1-4c7e-86e5-88b8ad5672b0-300x200.jpg 300w, https:\/\/sklep.superfeet.pl\/wp-content\/uploads\/2024\/10\/23SF_Winter_Med_001-1280x853-f7a6eeff-eec1-4c7e-86e5-88b8ad5672b0-1024x682.jpg 1024w, https:\/\/sklep.superfeet.pl\/wp-content\/uploads\/2024\/10\/23SF_Winter_Med_001-1280x853-f7a6eeff-eec1-4c7e-86e5-88b8ad5672b0-768x512.jpg 768w, https:\/\/sklep.superfeet.pl\/wp-content\/uploads\/2024\/10\/23SF_Winter_Med_001-1280x853-f7a6eeff-eec1-4c7e-86e5-88b8ad5672b0-930x620.jpg 930w, https:\/\/sklep.superfeet.pl\/wp-content\/uploads\/2024\/10\/23SF_Winter_Med_001-1280x853-f7a6eeff-eec1-4c7e-86e5-88b8ad5672b0-600x400.jpg 600w\" sizes=\"auto, (max-width: 1280px) 100vw, 1280px\" \/><\/p>\n","protected":false},"excerpt":{"rendered":"<p>To, \u017ce nosisz buty o sportowym dopasowaniu, nie oznacza, \u017ce musisz rezygnowa\u0107 z komfortu i wsparcia. Zyskaj dodatkow\u0105 stabilno\u015b\u0107, d\u0142ugotrwa\u0142y komfort i niesamowity dzie\u0144 na stoku dzi\u0119ki wk\u0142adkom Superfeet Winter Thin Support, zaprojektowanym dla narciarzy i snowboardzist\u00f3w. Wk\u0142adki te s\u0105 przeznaczone do wymiany wymiennej wk\u0142adki w butach narciarskich, snowboardowych i innych obuwiu zimowym. Przytnij je, aby dopasowa\u0107 do swojego rozmiaru buta.<\/p>\n","protected":false},"featured_media":924,"template":"","meta":{"neve_meta_sidebar":"","neve_meta_container":"full-width","neve_meta_enable_content_width":"off","neve_meta_content_width":100,"neve_meta_title_alignment":"","neve_meta_author_avatar":"","neve_post_elements_order":"","neve_meta_disable_header":"","neve_meta_disable_footer":"","neve_meta_disable_title":""},"product_cat":[15,40,41,26,27],"product_tag":[],"class_list":["post-916","product","type-product","status-publish","has-post-thumbnail","hentry","product_cat-wszystkie","product_cat-damskie","product_cat-meskie","product_cat-outdoor","product_cat-sporty-zimowe"],"_links":{"self":[{"href":"https:\/\/sklep.superfeet.pl\/index.php\/wp-json\/wp\/v2\/product\/916","targetHints":{"allow":["GET"]}}],"collection":[{"href":"https:\/\/sklep.superfeet.pl\/index.php\/wp-json\/wp\/v2\/product"}],"about":[{"href":"https:\/\/sklep.superfeet.pl\/index.php\/wp-json\/wp\/v2\/types\/product"}],"wp:featuredmedia":[{"embeddable":true,"href":"https:\/\/sklep.superfeet.pl\/index.php\/wp-json\/wp\/v2\/media\/924"}],"wp:attachment":[{"href":"https:\/\/sklep.superfeet.pl\/index.php\/wp-json\/wp\/v2\/media?parent=916"}],"wp:term":[{"taxonomy":"product_cat","embeddable":true,"href":"https:\/\/sklep.superfeet.pl\/index.php\/wp-json\/wp\/v2\/product_cat?post=916"},{"taxonomy":"product_tag","embeddable":true,"href":"https:\/\/sklep.superfeet.pl\/index.php\/wp-json\/wp\/v2\/product_tag?post=916"}],"curies":[{"name":"wp","href":"https:\/\/api.w.org\/{rel}","templated":true}]}}