{"id":830,"date":"2024-10-17T14:12:31","date_gmt":"2024-10-17T12:12:31","guid":{"rendered":"https:\/\/sklep.superfeet.pl\/?post_type=product&#038;p=830"},"modified":"2026-03-23T11:24:31","modified_gmt":"2026-03-23T09:24:31","slug":"all-purpose-cushion-flex-kopia","status":"publish","type":"product","link":"https:\/\/sklep.superfeet.pl\/index.php\/product\/all-purpose-cushion-flex-kopia\/","title":{"rendered":"Active Cushion Low Arch"},"content":{"rendered":"<p><strong><img loading=\"lazy\" decoding=\"async\" class=\"wp-image-846 size-full alignleft\" src=\"https:\/\/sklep.superfeet.pl\/wp-content\/uploads\/2024\/10\/FL4351_Active_Cushion_Low_Arch_Insole_Image_View_1_Pair_V01-400x225-f98a6291-af30-4532-8856-22ea775e0847.jpg\" alt=\"\" width=\"400\" height=\"225\" \/>A.<\/strong><strong>\u00a0TRWA\u0141A KONSTRUKCJA<br \/>\n<\/strong><span lang=\"pl\">Wk\u0142adki Superfeet zachowuj\u0105 sw\u00f3j kszta\u0142t, zapewniaj\u0105c niezawodne podparcie i wygod\u0119 przez 12 miesi\u0119cy lub do 800 km, w zale\u017cno\u015bci od tego, co nast\u0105pi wcze\u015bniej.<\/span><\/p>\n<p><strong>B. MOISTUREWICK\u2122<\/strong><br \/>\nD\u0142ugotrwa\u0142a kontrola zapachu.<\/p>\n<p><strong>C. DYNAMICZNY KSZTA\u0141T<\/strong><br \/>\nWyprofilowany, aby ustabilizowa\u0107 i podeprze\u0107 stop\u0119, zmniejszaj\u0105c nacisk na stawy skokowe i kolanowe.<\/p>\n<p><strong>D. ELASTYCZNA \u0141O\u017bE NA PI\u0118T\u0118<\/strong><br \/>\n\u0141o\u017ce pi\u0119ty w kszta\u0142cie podkowy zapewnia struktur\u0119 i stabilno\u015b\u0107.<\/p>\n<p><strong>E. WENTYLOWANE PRZODOSTOPIE<\/strong><br \/>\nPoprawia cyrkulacj\u0119 powietrza i oddychalno\u015b\u0107.<\/p>\n<p><strong>F. FREZOWANA KRAW\u0118D\u0179<\/strong><br \/>\nUko\u015bna kraw\u0119d\u017a pianki poprawia dopasowanie w dobrze cia\u015bniejszym obuwiu.<\/p>\n<p><img loading=\"lazy\" decoding=\"async\" class=\"alignnone wp-image-848 size-full\" src=\"https:\/\/sklep.superfeet.pl\/wp-content\/uploads\/2024\/10\/23SF_Run_Med_0131-scaled.jpg\" alt=\"\" width=\"2560\" height=\"1707\" srcset=\"https:\/\/sklep.superfeet.pl\/wp-content\/uploads\/2024\/10\/23SF_Run_Med_0131-scaled.jpg 2560w, https:\/\/sklep.superfeet.pl\/wp-content\/uploads\/2024\/10\/23SF_Run_Med_0131-300x200.jpg 300w, https:\/\/sklep.superfeet.pl\/wp-content\/uploads\/2024\/10\/23SF_Run_Med_0131-1024x683.jpg 1024w, https:\/\/sklep.superfeet.pl\/wp-content\/uploads\/2024\/10\/23SF_Run_Med_0131-768x512.jpg 768w, https:\/\/sklep.superfeet.pl\/wp-content\/uploads\/2024\/10\/23SF_Run_Med_0131-1536x1024.jpg 1536w, https:\/\/sklep.superfeet.pl\/wp-content\/uploads\/2024\/10\/23SF_Run_Med_0131-2048x1365.jpg 2048w, https:\/\/sklep.superfeet.pl\/wp-content\/uploads\/2024\/10\/23SF_Run_Med_0131-930x620.jpg 930w, https:\/\/sklep.superfeet.pl\/wp-content\/uploads\/2024\/10\/23SF_Run_Med_0131-600x400.jpg 600w\" sizes=\"auto, (max-width: 2560px) 100vw, 2560px\" \/><\/p>\n","protected":false},"excerpt":{"rendered":"<div class=\"flex max-w-full flex-col flex-grow\">\n<div class=\"min-h-8 text-message flex w-full flex-col items-end gap-2 whitespace-normal break-words [.text-message+&amp;]:mt-5\" dir=\"auto\" data-message-author-role=\"assistant\" data-message-id=\"ac95632f-d7b2-4b9c-8fe9-7ff8d50e5cf9\" data-message-model-slug=\"gpt-4o-mini\">\n<div class=\"flex w-full flex-col gap-1 empty:hidden first:pt-[3px]\">\n<div class=\"markdown prose w-full break-words dark:prose-invert light\">\n<p>Superfeet\u00ae Active Cushion Low Arch s\u0105 idealne do wszelkich aktywno\u015bci i zaprojektowane dla st\u00f3p z niskim \u0142ukiem. Lekko ustrukturyzowane wsparcie z naszej opatentowanej technologii Adaptive Comfort\u2122 dostosowuje si\u0119 do naturalnego ruchu stopy, zapewniaj\u0105c niesamowity komfort podczas chodzenia, biegania lub uprawiania ulubionego sportu.<\/p>\n<\/div>\n<\/div>\n<\/div>\n<\/div>\n<div class=\"mb-2 flex gap-3 empty:hidden -ml-2\">\n<div class=\"items-center justify-start rounded-xl p-1 flex\">\n<div class=\"flex items-center\"><\/div>\n<\/div>\n<\/div>\n","protected":false},"featured_media":857,"template":"","meta":{"neve_meta_sidebar":"","neve_meta_container":"full-width","neve_meta_enable_content_width":"off","neve_meta_content_width":0,"neve_meta_title_alignment":"","neve_meta_author_avatar":"","neve_post_elements_order":"","neve_meta_disable_header":"","neve_meta_disable_footer":"","neve_meta_disable_title":""},"product_cat":[15,25,20,40,41,26,28,39],"product_tag":[],"class_list":["post-830","product","type-product","status-publish","has-post-thumbnail","hentry","product_cat-wszystkie","product_cat-bieganie","product_cat-codzienne","product_cat-damskie","product_cat-meskie","product_cat-outdoor","product_cat-pilka-nozna-hokej-rolki","product_cat-w-pracy-i-na-budowie"],"_links":{"self":[{"href":"https:\/\/sklep.superfeet.pl\/index.php\/wp-json\/wp\/v2\/product\/830","targetHints":{"allow":["GET"]}}],"collection":[{"href":"https:\/\/sklep.superfeet.pl\/index.php\/wp-json\/wp\/v2\/product"}],"about":[{"href":"https:\/\/sklep.superfeet.pl\/index.php\/wp-json\/wp\/v2\/types\/product"}],"wp:featuredmedia":[{"embeddable":true,"href":"https:\/\/sklep.superfeet.pl\/index.php\/wp-json\/wp\/v2\/media\/857"}],"wp:attachment":[{"href":"https:\/\/sklep.superfeet.pl\/index.php\/wp-json\/wp\/v2\/media?parent=830"}],"wp:term":[{"taxonomy":"product_cat","embeddable":true,"href":"https:\/\/sklep.superfeet.pl\/index.php\/wp-json\/wp\/v2\/product_cat?post=830"},{"taxonomy":"product_tag","embeddable":true,"href":"https:\/\/sklep.superfeet.pl\/index.php\/wp-json\/wp\/v2\/product_tag?post=830"}],"curies":[{"name":"wp","href":"https:\/\/api.w.org\/{rel}","templated":true}]}}