{"id":51,"date":"2020-11-15T17:02:46","date_gmt":"2020-11-15T15:02:46","guid":{"rendered":"https:\/\/sklep.superfeet.pl\/?post_type=product&#038;p=51"},"modified":"2026-04-08T09:27:47","modified_gmt":"2026-04-08T07:27:47","slug":"green","status":"publish","type":"product","link":"https:\/\/sklep.superfeet.pl\/index.php\/product\/green\/","title":{"rendered":"All-Purpose Support High Arch (Green)"},"content":{"rendered":"<p><strong><img loading=\"lazy\" decoding=\"async\" class=\"alignleft wp-image-135\" title=\"Superfeet Green\" src=\"https:\/\/sklep.superfeet.pl\/wp-content\/uploads\/2020\/11\/green-300x273.png\" alt=\"\" width=\"400\" height=\"363\" srcset=\"https:\/\/sklep.superfeet.pl\/wp-content\/uploads\/2020\/11\/green-300x273.png 300w, https:\/\/sklep.superfeet.pl\/wp-content\/uploads\/2020\/11\/green.png 600w\" sizes=\"auto, (max-width: 400px) 100vw, 400px\" \/>A. G\u0141\u0118BOKI PROFIL PI\u0118TY<\/strong><br \/>\nNajszerszy i najg\u0142\u0119bszy profil pi\u0119ty, kt\u00f3ry oferuje maksymalne podparcie i wspomaga naturaln\u0105 amortyzacj\u0119.<\/p>\n<p><strong>B.<\/strong> <strong>TRWA\u0141A KONSTRUKCJA<br \/>\n<\/strong><span lang=\"pl\">Wk\u0142adki Superfeet zachowuj\u0105 sw\u00f3j kszta\u0142t, zapewniaj\u0105c niezawodne podparcie i wygod\u0119 przez 12 miesi\u0119cy lub do 800 km, w zale\u017cno\u015bci od tego, co nast\u0105pi wcze\u015bniej.<\/span><\/p>\n<p><strong>C. KSZTA\u0141T SUPERFEET\u00ae<\/strong><br \/>\nKszta\u0142t wk\u0142adki pomaga stabilizowa\u0107 i podpiera\u0107 stop\u0119,\u00a0 efekcie redukuj\u0105c obci\u0105\u017cenie st\u00f3p, staw\u00f3w skokowych i kolan.<\/p>\n<p><strong>D. PIANKA O DU\u017bEJ G\u0118STO\u015aCI<\/strong><br \/>\nPianka zamkni\u0119tokom\u00f3rkowa podpiera i amortyzuje stop\u0119, zapewniaj\u0105c d\u0142ugotrwa\u0142y komfort.<\/p>\n<p><strong>E. <\/strong><span lang=\"pl\"><strong>ORGANICZNA POW\u0141OKA Z KONTROL\u0104 ZAPACHU<br \/>\n<\/strong><\/span><span lang=\"pl\">Naturalna pow\u0142oka eliminuj\u0105ca bakterie powoduj\u0105ce nieprzyjemny zapach.<\/span><\/p>\n<p><strong>F. NAK\u0141ADKA STABILIZUJ\u0104CA<\/strong><br \/>\nPodstawa wk\u0142adki, kt\u00f3ra podpiera tyln\u0105 cz\u0119\u015b\u0107 stopy. Zapewnia w\u0142a\u015bciwy kszta\u0142t i stabilno\u015b\u0107 warstwy piankowej.<\/p>\n<p><img loading=\"lazy\" decoding=\"async\" class=\"alignnone wp-image-137 size-full\" src=\"https:\/\/sklep.superfeet.pl\/wp-content\/uploads\/2020\/11\/20SF_pdp_page_image_templategreen_1.png\" alt=\"\" width=\"2000\" height=\"450\" srcset=\"https:\/\/sklep.superfeet.pl\/wp-content\/uploads\/2020\/11\/20SF_pdp_page_image_templategreen_1.png 2000w, https:\/\/sklep.superfeet.pl\/wp-content\/uploads\/2020\/11\/20SF_pdp_page_image_templategreen_1-300x68.png 300w, https:\/\/sklep.superfeet.pl\/wp-content\/uploads\/2020\/11\/20SF_pdp_page_image_templategreen_1-1024x230.png 1024w, https:\/\/sklep.superfeet.pl\/wp-content\/uploads\/2020\/11\/20SF_pdp_page_image_templategreen_1-768x173.png 768w, https:\/\/sklep.superfeet.pl\/wp-content\/uploads\/2020\/11\/20SF_pdp_page_image_templategreen_1-1536x346.png 1536w, https:\/\/sklep.superfeet.pl\/wp-content\/uploads\/2020\/11\/20SF_pdp_page_image_templategreen_1-600x135.png 600w\" sizes=\"auto, (max-width: 2000px) 100vw, 2000px\" \/><\/p>\n","protected":false},"excerpt":{"rendered":"<p>Wk\u0142adka GREEN zapewnia profesjonalne wsparcie, wydajno\u015b\u0107 i komfort dla ka\u017cdego, kto chce aby jego obuwie by\u0142o dobrze dopasowane i aby czu\u0107 go na nogach lepiej.<\/p>\n","protected":false},"featured_media":130,"template":"","meta":{"neve_meta_sidebar":"","neve_meta_container":"full-width","neve_meta_enable_content_width":"off","neve_meta_content_width":0,"neve_meta_title_alignment":"","neve_meta_author_avatar":"","neve_post_elements_order":"","neve_meta_disable_header":"","neve_meta_disable_footer":"","neve_meta_disable_title":""},"product_cat":[15,20,42,41,26,27,39],"product_tag":[],"class_list":["post-51","product","type-product","status-publish","has-post-thumbnail","hentry","product_cat-wszystkie","product_cat-codzienne","product_cat-dzieciece","product_cat-meskie","product_cat-outdoor","product_cat-sporty-zimowe","product_cat-w-pracy-i-na-budowie"],"_links":{"self":[{"href":"https:\/\/sklep.superfeet.pl\/index.php\/wp-json\/wp\/v2\/product\/51","targetHints":{"allow":["GET"]}}],"collection":[{"href":"https:\/\/sklep.superfeet.pl\/index.php\/wp-json\/wp\/v2\/product"}],"about":[{"href":"https:\/\/sklep.superfeet.pl\/index.php\/wp-json\/wp\/v2\/types\/product"}],"wp:featuredmedia":[{"embeddable":true,"href":"https:\/\/sklep.superfeet.pl\/index.php\/wp-json\/wp\/v2\/media\/130"}],"wp:attachment":[{"href":"https:\/\/sklep.superfeet.pl\/index.php\/wp-json\/wp\/v2\/media?parent=51"}],"wp:term":[{"taxonomy":"product_cat","embeddable":true,"href":"https:\/\/sklep.superfeet.pl\/index.php\/wp-json\/wp\/v2\/product_cat?post=51"},{"taxonomy":"product_tag","embeddable":true,"href":"https:\/\/sklep.superfeet.pl\/index.php\/wp-json\/wp\/v2\/product_tag?post=51"}],"curies":[{"name":"wp","href":"https:\/\/api.w.org\/{rel}","templated":true}]}}