{"id":390,"date":"2020-11-25T10:40:16","date_gmt":"2020-11-25T08:40:16","guid":{"rendered":"https:\/\/sklep.superfeet.pl\/?post_type=product&#038;p=390"},"modified":"2026-03-27T16:44:36","modified_gmt":"2026-03-27T14:44:36","slug":"hockey-comfort","status":"publish","type":"product","link":"https:\/\/sklep.superfeet.pl\/index.php\/product\/hockey-comfort\/","title":{"rendered":"Hockey Cushion (Hockey Comfort)"},"content":{"rendered":"<p><strong><img loading=\"lazy\" decoding=\"async\" class=\"wp-image-398 alignleft\" src=\"https:\/\/sklep.superfeet.pl\/wp-content\/uploads\/2020\/11\/hockey-comfort-300x273.png\" alt=\"superfeet HOCKEY COMFORT\" width=\"400\" height=\"363\" srcset=\"https:\/\/sklep.superfeet.pl\/wp-content\/uploads\/2020\/11\/hockey-comfort-300x273.png 300w, https:\/\/sklep.superfeet.pl\/wp-content\/uploads\/2020\/11\/hockey-comfort.png 600w\" sizes=\"auto, (max-width: 400px) 100vw, 400px\" \/><\/strong><\/p>\n<p><strong>A.<\/strong> <strong>TRWA\u0141A KONSTRUKCJA<br \/>\n<\/strong><span lang=\"pl\">Wk\u0142adki Superfeet zachowuj\u0105 sw\u00f3j kszta\u0142t, zapewniaj\u0105c niezawodne podparcie i wygod\u0119 przez 12 miesi\u0119cy lub do 800 km, w zale\u017cno\u015bci od tego, co nast\u0105pi wcze\u015bniej.<\/span><\/p>\n<p><strong>B<\/strong><strong>. PROFIL HEEL-TO-TOE\u00a0<\/strong><br \/>\n<span class=\"tlid-translation translation\" lang=\"pl\"><span class=\"\" title=\"\">Podwy\u017cszona pi\u0119ta zwi\u0119ksza powierzchni\u0119 kontaktu stopy z podeszw\u0105 \u015brodkow\u0105.<\/span><\/span><\/p>\n<p><strong>C. PIANKA AEROSPRING \u2122 GLIDE<\/strong><br \/>\nZmniejsza zm\u0119czenie st\u00f3p i dodaje amortyzacje tam, gdzie jej najbardziej potrzebujesz.<\/p>\n<p><strong>D. <\/strong><span class=\"tlid-translation translation\" lang=\"pl\"><strong><span class=\"\" title=\"\">KSZTA\u0141T<\/span> WK\u0141ADKI<\/strong><br \/>\n<span class=\"\" title=\"\">Stabilizuje stopy, minimalizuj\u0105c otarcia i p\u0119cherze.<\/span><\/span><\/p>\n<p><strong>E. <\/strong><span class=\"tlid-translation translation\" lang=\"pl\"><strong><span class=\"\" title=\"\">PERFOROWANY PRZ\u00d3D WK\u0141ADKI<\/span><\/strong><br \/>\n<span class=\"\" title=\"\">Poprawia cyrkulacj\u0119 powietrza i oddychalno\u015b\u0107.<\/span><\/span><\/p>\n<p><strong>F. MOISTUREWICK\u2122<\/strong><br \/>\nD\u0142ugotrwa\u0142a kontrola zapachu.<\/p>\n<p><strong>G. <span class=\"tlid-translation translation\" lang=\"pl\"><span class=\"\" title=\"\">ELASTYCZNA \u0141O\u017bE PI\u0118TY<\/span><br \/>\n<\/span><\/strong>Utrzymuje stop\u0119 w bucie, stabilizuje j\u0105 tak, aby naturalnie absorbowa\u0142a uderzenia.<\/p>\n<p>&nbsp;<\/p>\n<p><img loading=\"lazy\" decoding=\"async\" class=\"aligncenter wp-image-382 size-full\" src=\"https:\/\/sklep.superfeet.pl\/wp-content\/uploads\/2020\/11\/HOCKEY_Comfort_Enhanced_04.jpg\" alt=\"superfeet HOCKEY COMFORT\" width=\"1500\" height=\"1500\" srcset=\"https:\/\/sklep.superfeet.pl\/wp-content\/uploads\/2020\/11\/HOCKEY_Comfort_Enhanced_04.jpg 1500w, https:\/\/sklep.superfeet.pl\/wp-content\/uploads\/2020\/11\/HOCKEY_Comfort_Enhanced_04-300x300.jpg 300w, https:\/\/sklep.superfeet.pl\/wp-content\/uploads\/2020\/11\/HOCKEY_Comfort_Enhanced_04-1024x1024.jpg 1024w, https:\/\/sklep.superfeet.pl\/wp-content\/uploads\/2020\/11\/HOCKEY_Comfort_Enhanced_04-150x150.jpg 150w, https:\/\/sklep.superfeet.pl\/wp-content\/uploads\/2020\/11\/HOCKEY_Comfort_Enhanced_04-768x768.jpg 768w, https:\/\/sklep.superfeet.pl\/wp-content\/uploads\/2020\/11\/HOCKEY_Comfort_Enhanced_04-600x600.jpg 600w, https:\/\/sklep.superfeet.pl\/wp-content\/uploads\/2020\/11\/HOCKEY_Comfort_Enhanced_04-100x100.jpg 100w\" sizes=\"auto, (max-width: 1500px) 100vw, 1500px\" \/><\/p>\n","protected":false},"excerpt":{"rendered":"<div id=\"KnM9nf\">\n<div id=\"tw-target\">\n<div id=\"kAz1tf\" class=\"g9WsWb\">\n<div id=\"tw-target-text-container\" class=\"tw-ta-container hide-focus-ring tw-nfl\">\n<p id=\"tw-target-text\" class=\"tw-data-text tw-text-large XcVN5d tw-ta\" dir=\"ltr\" data-placeholder=\"T\u0142umaczenie\"><span lang=\"pl\"><span class=\"tlid-translation translation\" lang=\"pl\"><span class=\"\" title=\"\">Do\u015bwiadcz lepszego dopasowania i wi\u0119kszego komfortu, jakie zapewniaj\u0105 tylko wk\u0142adki Superfeet. Amortyzowana pianka Aerospring \u2122 Glide, zapewniaj\u0105ca komfort w po\u0142\u0105czeniu z naszym wyprofilowanym kszta\u0142tem Superfeet, stabilizuje stopy i pomaga wydajniej porusza\u0107 si\u0119 na boisku czy po lodzie, jednocze\u015bnie minimalizuj\u0105c obtarcia i p\u0119cherze.<\/span><\/span><\/span><\/p>\n<\/div>\n<\/div>\n<\/div>\n<\/div>\n","protected":false},"featured_media":403,"template":"","meta":{"neve_meta_sidebar":"","neve_meta_container":"full-width","neve_meta_enable_content_width":"off","neve_meta_content_width":0,"neve_meta_title_alignment":"","neve_meta_author_avatar":"","neve_post_elements_order":"","neve_meta_disable_header":"","neve_meta_disable_footer":"","neve_meta_disable_title":""},"product_cat":[15,42,41,28],"product_tag":[],"class_list":["post-390","product","type-product","status-publish","has-post-thumbnail","hentry","product_cat-wszystkie","product_cat-dzieciece","product_cat-meskie","product_cat-pilka-nozna-hokej-rolki"],"_links":{"self":[{"href":"https:\/\/sklep.superfeet.pl\/index.php\/wp-json\/wp\/v2\/product\/390","targetHints":{"allow":["GET"]}}],"collection":[{"href":"https:\/\/sklep.superfeet.pl\/index.php\/wp-json\/wp\/v2\/product"}],"about":[{"href":"https:\/\/sklep.superfeet.pl\/index.php\/wp-json\/wp\/v2\/types\/product"}],"wp:featuredmedia":[{"embeddable":true,"href":"https:\/\/sklep.superfeet.pl\/index.php\/wp-json\/wp\/v2\/media\/403"}],"wp:attachment":[{"href":"https:\/\/sklep.superfeet.pl\/index.php\/wp-json\/wp\/v2\/media?parent=390"}],"wp:term":[{"taxonomy":"product_cat","embeddable":true,"href":"https:\/\/sklep.superfeet.pl\/index.php\/wp-json\/wp\/v2\/product_cat?post=390"},{"taxonomy":"product_tag","embeddable":true,"href":"https:\/\/sklep.superfeet.pl\/index.php\/wp-json\/wp\/v2\/product_tag?post=390"}],"curies":[{"name":"wp","href":"https:\/\/api.w.org\/{rel}","templated":true}]}}