{"id":373,"date":"2020-11-25T10:14:21","date_gmt":"2020-11-25T08:14:21","guid":{"rendered":"https:\/\/sklep.superfeet.pl\/?post_type=product&#038;p=373"},"modified":"2026-03-13T13:10:29","modified_gmt":"2026-03-13T11:10:29","slug":"carbon-pro-hockey","status":"publish","type":"product","link":"https:\/\/sklep.superfeet.pl\/index.php\/product\/carbon-pro-hockey\/","title":{"rendered":"Hockey Performance (Carbon Pro Hockey)"},"content":{"rendered":"<p><strong><img loading=\"lazy\" decoding=\"async\" class=\"wp-image-388 alignleft\" src=\"https:\/\/sklep.superfeet.pl\/wp-content\/uploads\/2020\/11\/carbon_pro_hockey-300x273.png\" alt=\"superfeet CARBON PRO HOCKEY\" width=\"400\" height=\"363\" srcset=\"https:\/\/sklep.superfeet.pl\/wp-content\/uploads\/2020\/11\/carbon_pro_hockey-300x273.png 300w, https:\/\/sklep.superfeet.pl\/wp-content\/uploads\/2020\/11\/carbon_pro_hockey.png 600w\" sizes=\"auto, (max-width: 400px) 100vw, 400px\" \/><\/strong><\/p>\n<p><strong>A.<\/strong> <strong>TRWA\u0141A KONSTRUKCJA<br \/>\n<\/strong><span lang=\"pl\">Wk\u0142adki Superfeet zachowuj\u0105 sw\u00f3j kszta\u0142t, zapewniaj\u0105c niezawodne podparcie i wygod\u0119 przez 12 miesi\u0119cy lub do 800 km, w zale\u017cno\u015bci od tego, co nast\u0105pi wcze\u015bniej.<\/span><\/p>\n<p><strong> B. MOISTUREWICK\u2122<\/strong><br \/>\nD\u0142ugotrwa\u0142a kontrola zapachu.<\/p>\n<p><strong>C. NAK\u0141ADKA STABILIZUJ\u0104CA Z W\u0141\u00d3KNA W\u0118GLOWEGO EVOLYTE \u2122<\/strong><br \/>\nReaguje na kompresj\u0119, powracaj\u0105c do swojego pierwotnego kszta\u0142tu.<\/p>\n<p><strong>D. PROFIL HEEL-TO-TOE\u00a0<\/strong><br \/>\n<span class=\"tlid-translation translation\" lang=\"pl\"><span class=\"\" title=\"\">Podwy\u017cszona pi\u0119ta zwi\u0119ksza powierzchni\u0119 kontaktu stopy z podeszw\u0105 \u015brodkow\u0105.<\/span><\/span><\/p>\n<p><strong>E. SYSTEM WENTYLACYJNY<\/strong><br \/>\nOtwory wentylacyjne pokrywaj\u0105 si\u0119 z perforacjami w wi\u0119kszo\u015bci rolek, but\u00f3w hokejowych, poprawiaj\u0105c cyrkulacj\u0119 powietrza i oddychalno\u015b\u0107.<\/p>\n<p><strong>F. FLYBRIDGE \u2122<\/strong><br \/>\nPrzejmuje i odprowadza energi\u0119 oraz poch\u0142ania wibracje, umo\u017cliwiaj\u0105c szybki start, ostre zatrzymywanie i cia\u015bniejsze skr\u0119ty.<\/p>\n<p><strong>G. PIANKA AEROLYTE \u2122<\/strong><br \/>\nSpecjalnie dobrany dla zwi\u0119kszenia wydajno\u015bci &#8211; zapewnia wi\u0119ksz\u0105 amortyzacj\u0119 w cie\u0144szej, l\u017cejszej piance.<\/p>\n<p><strong>H. STABILIZATOR PI\u0118TY<\/strong><br \/>\nPomaga stopie wygodnie u\u0142o\u017cy\u0107 si\u0119 w bucie, w rolce czy \u0142y\u017cwie, minimalizuj\u0105c tarcie, otarcia i p\u0119cherze.<\/p>\n<p>&nbsp;<\/p>\n<p><img loading=\"lazy\" decoding=\"async\" class=\"aligncenter wp-image-407 size-full\" src=\"https:\/\/sklep.superfeet.pl\/wp-content\/uploads\/2020\/11\/CARBON_Pro_Hockey_Enhanced_05.jpg\" alt=\"SUPERFEET Carbon Pro Hockey\" width=\"1500\" height=\"1500\" srcset=\"https:\/\/sklep.superfeet.pl\/wp-content\/uploads\/2020\/11\/CARBON_Pro_Hockey_Enhanced_05.jpg 1500w, https:\/\/sklep.superfeet.pl\/wp-content\/uploads\/2020\/11\/CARBON_Pro_Hockey_Enhanced_05-300x300.jpg 300w, https:\/\/sklep.superfeet.pl\/wp-content\/uploads\/2020\/11\/CARBON_Pro_Hockey_Enhanced_05-1024x1024.jpg 1024w, https:\/\/sklep.superfeet.pl\/wp-content\/uploads\/2020\/11\/CARBON_Pro_Hockey_Enhanced_05-150x150.jpg 150w, https:\/\/sklep.superfeet.pl\/wp-content\/uploads\/2020\/11\/CARBON_Pro_Hockey_Enhanced_05-768x768.jpg 768w, https:\/\/sklep.superfeet.pl\/wp-content\/uploads\/2020\/11\/CARBON_Pro_Hockey_Enhanced_05-600x600.jpg 600w, https:\/\/sklep.superfeet.pl\/wp-content\/uploads\/2020\/11\/CARBON_Pro_Hockey_Enhanced_05-100x100.jpg 100w\" sizes=\"auto, (max-width: 1500px) 100vw, 1500px\" \/><\/p>\n","protected":false},"excerpt":{"rendered":"<div id=\"KnM9nf\">\n<div id=\"tw-target\">\n<div id=\"kAz1tf\" class=\"g9WsWb\">\n<div id=\"tw-target-text-container\" class=\"tw-ta-container hide-focus-ring tw-nfl\">\n<p id=\"tw-target-text\" class=\"tw-data-text tw-text-large XcVN5d tw-ta\" dir=\"ltr\" data-placeholder=\"T\u0142umaczenie\"><span lang=\"pl\"><span class=\"tlid-translation translation\" lang=\"pl\"><span title=\"\">Do 11% lepsze przyspieszenie, niezr\u00f3wnana kontrola kraw\u0119dzi i wyj\u0105tkowy transfer energii.<\/span> <span class=\"\" title=\"\">Zaprojektowany do ciasnych skr\u0119t\u00f3w,\u00a0 szybkiego startu i b\u0142yskawicznego zatrzymania, Superfeet CARBON Pro Hockey to prawdziwa zmiana zasad gry.<\/span><\/span><\/span><\/p>\n<\/div>\n<\/div>\n<\/div>\n<\/div>\n","protected":false},"featured_media":387,"template":"","meta":{"neve_meta_sidebar":"","neve_meta_container":"full-width","neve_meta_enable_content_width":"off","neve_meta_content_width":0,"neve_meta_title_alignment":"","neve_meta_author_avatar":"","neve_post_elements_order":"","neve_meta_disable_header":"","neve_meta_disable_footer":"","neve_meta_disable_title":""},"product_cat":[15,42,41,28],"product_tag":[],"class_list":["post-373","product","type-product","status-publish","has-post-thumbnail","hentry","product_cat-wszystkie","product_cat-dzieciece","product_cat-meskie","product_cat-pilka-nozna-hokej-rolki"],"_links":{"self":[{"href":"https:\/\/sklep.superfeet.pl\/index.php\/wp-json\/wp\/v2\/product\/373","targetHints":{"allow":["GET"]}}],"collection":[{"href":"https:\/\/sklep.superfeet.pl\/index.php\/wp-json\/wp\/v2\/product"}],"about":[{"href":"https:\/\/sklep.superfeet.pl\/index.php\/wp-json\/wp\/v2\/types\/product"}],"wp:featuredmedia":[{"embeddable":true,"href":"https:\/\/sklep.superfeet.pl\/index.php\/wp-json\/wp\/v2\/media\/387"}],"wp:attachment":[{"href":"https:\/\/sklep.superfeet.pl\/index.php\/wp-json\/wp\/v2\/media?parent=373"}],"wp:term":[{"taxonomy":"product_cat","embeddable":true,"href":"https:\/\/sklep.superfeet.pl\/index.php\/wp-json\/wp\/v2\/product_cat?post=373"},{"taxonomy":"product_tag","embeddable":true,"href":"https:\/\/sklep.superfeet.pl\/index.php\/wp-json\/wp\/v2\/product_tag?post=373"}],"curies":[{"name":"wp","href":"https:\/\/api.w.org\/{rel}","templated":true}]}}