{"id":337,"date":"2020-11-24T22:00:20","date_gmt":"2020-11-24T20:00:20","guid":{"rendered":"https:\/\/sklep.superfeet.pl\/?post_type=product&#038;p=337"},"modified":"2024-10-21T12:06:17","modified_gmt":"2024-10-21T10:06:17","slug":"easyfit-womens-3-4","status":"publish","type":"product","link":"https:\/\/sklep.superfeet.pl\/index.php\/product\/easyfit-womens-3-4\/","title":{"rendered":"Casual Women&#8217;s Easyfit (Easyfit Women&#8217;s 3\/4)"},"content":{"rendered":"<p><strong><img loading=\"lazy\" decoding=\"async\" class=\"wp-image-414 alignleft\" src=\"https:\/\/sklep.superfeet.pl\/wp-content\/uploads\/2020\/11\/easyfit_womens-300x273.png\" alt=\"Superfeet EASYFIT\" width=\"400\" height=\"363\" srcset=\"https:\/\/sklep.superfeet.pl\/wp-content\/uploads\/2020\/11\/easyfit_womens-300x273.png 300w, https:\/\/sklep.superfeet.pl\/wp-content\/uploads\/2020\/11\/easyfit_womens.png 600w\" sizes=\"auto, (max-width: 400px) 100vw, 400px\" \/><\/strong><\/p>\n<p><strong>A. NATYCHMIASTOWY KOMFORT<br \/>\n<\/strong><span class=\"JLqJ4b\" data-language-for-alternatives=\"pl\" data-language-to-translate-into=\"en\" data-phrase-index=\"1\"><span class=\"JLqJ4b ChMk0b\" data-language-for-alternatives=\"pl\" data-language-to-translate-into=\"en\" data-phrase-index=\"2\">Nie <\/span><\/span><span class=\"JLqJ4b\" data-language-for-alternatives=\"pl\" data-language-to-translate-into=\"en\" data-phrase-index=\"1\"><span class=\"JLqJ4b ChMk0b\" data-language-for-alternatives=\"pl\" data-language-to-translate-into=\"en\" data-phrase-index=\"2\">wymaga przycinania, szybkie dopasowanie i gotowe do u\u017cycia.<\/span><\/span><\/p>\n<p><strong>B. OPATENTOWANY ORTOTYCZNY WZ\u00d3R<\/strong><span class=\"JLqJ4b\" data-language-for-alternatives=\"pl\" data-language-to-translate-into=\"en\" data-phrase-index=\"1\"><br \/>\n<span class=\"JLqJ4b ChMk0b\" data-language-for-alternatives=\"pl\" data-language-to-translate-into=\"en\" data-phrase-index=\"2\">Profilowany kszta\u0142t Superfeet\u00ae pomaga ustabilizowa\u0107 i podeprze\u0107 stop\u0119, zmniejszy\u0107 obci\u0105\u017cenie st\u00f3p, staw\u00f3w skokowych i kolanowych.<\/span><\/span><\/p>\n<p><strong>C. SLIM FIT<\/strong><span class=\"JLqJ4b\" data-language-for-alternatives=\"pl\" data-language-to-translate-into=\"en\" data-phrase-index=\"1\"><br \/>\n<span class=\"JLqJ4b ChMk0b\" data-language-for-alternatives=\"pl\" data-language-to-translate-into=\"en\" data-phrase-index=\"2\">Przeznaczone do but\u00f3w sukienkowych, codziennych i biznesowych o wysoko\u015bci obcasa ok 2,5 cm lub mniejszej.<\/span><\/span><\/p>\n<p><strong>D.\u00a0TRWA\u0141A KONSTRUKCJA<br \/>\n<\/strong><span lang=\"pl\">Wk\u0142adki Superfeet zachowuj\u0105 sw\u00f3j kszta\u0142t, zapewniaj\u0105c niezawodne podparcie i wygod\u0119 przez 12 miesi\u0119cy lub do 800 km, w zale\u017cno\u015bci od tego, co nast\u0105pi wcze\u015bniej.<\/span><\/p>\n<p><strong>E. G\u00d3RNA WARSTWA Z MIKROFAZY<\/strong><span class=\"JLqJ4b\" data-language-for-alternatives=\"pl\" data-language-to-translate-into=\"en\" data-phrase-index=\"1\"><br \/>\n<\/span><span class=\"JLqJ4b\" data-language-for-alternatives=\"pl\" data-language-to-translate-into=\"en\" data-phrase-index=\"1\"><span class=\"JLqJ4b ChMk0b\" data-language-for-alternatives=\"pl\" data-language-to-translate-into=\"en\" data-phrase-index=\"2\">Zmniejsza tarcie, zapobiegaj\u0105c powstawaniu p\u0119cherzy i otar\u0107.<\/span><\/span><\/p>\n<p><strong>F. POW\u0141OKA ANTYBAKTERYJNA<\/strong><br \/>\n<span class=\"JLqJ4b\" data-language-for-alternatives=\"pl\" data-language-to-translate-into=\"en\" data-phrase-index=\"1\"> <span class=\"JLqJ4b ChMk0b\" data-language-for-alternatives=\"pl\" data-language-to-translate-into=\"en\" data-phrase-index=\"2\">Eliminuje bakterie powoduj\u0105ce nieprzyjemny zapach.<\/span><\/span><\/p>\n<p><strong>G. PERFORACJE\u00a0ODPORNE NA \u015aLIZGANIE<\/strong><span class=\"JLqJ4b\" data-language-for-alternatives=\"pl\" data-language-to-translate-into=\"en\" data-phrase-index=\"1\"><br \/>\n<span class=\"JLqJ4b ChMk0b\" data-language-for-alternatives=\"pl\" data-language-to-translate-into=\"en\" data-phrase-index=\"2\">Zakotwiczaj\u0105 wk\u0142adk\u0119, aby utrzyma\u0107 j\u0105 na miejscu.<\/span><\/span><\/p>\n<p><img loading=\"lazy\" decoding=\"async\" class=\"aligncenter wp-image-446 size-full\" src=\"https:\/\/sklep.superfeet.pl\/wp-content\/uploads\/2020\/11\/EASYFIT_W_Enhanced_04-1.jpg\" alt=\"superfeet EASYFIT WOMENS\" width=\"1500\" height=\"1500\" srcset=\"https:\/\/sklep.superfeet.pl\/wp-content\/uploads\/2020\/11\/EASYFIT_W_Enhanced_04-1.jpg 1500w, https:\/\/sklep.superfeet.pl\/wp-content\/uploads\/2020\/11\/EASYFIT_W_Enhanced_04-1-300x300.jpg 300w, https:\/\/sklep.superfeet.pl\/wp-content\/uploads\/2020\/11\/EASYFIT_W_Enhanced_04-1-1024x1024.jpg 1024w, https:\/\/sklep.superfeet.pl\/wp-content\/uploads\/2020\/11\/EASYFIT_W_Enhanced_04-1-150x150.jpg 150w, https:\/\/sklep.superfeet.pl\/wp-content\/uploads\/2020\/11\/EASYFIT_W_Enhanced_04-1-768x768.jpg 768w, https:\/\/sklep.superfeet.pl\/wp-content\/uploads\/2020\/11\/EASYFIT_W_Enhanced_04-1-600x600.jpg 600w, https:\/\/sklep.superfeet.pl\/wp-content\/uploads\/2020\/11\/EASYFIT_W_Enhanced_04-1-100x100.jpg 100w\" sizes=\"auto, (max-width: 1500px) 100vw, 1500px\" \/><\/p>\n","protected":false},"excerpt":{"rendered":"<p id=\"tw-target-text\" class=\"tw-data-text tw-text-large XcVN5d tw-ta\" dir=\"ltr\" data-placeholder=\"T\u0142umaczenie\"><span lang=\"pl\">Brakuje poparcia w Twoich butach?<br \/>\n<\/span><span lang=\"pl\"><span class=\"JLqJ4b ChMk0b\" data-language-for-alternatives=\"pl\" data-language-to-translate-into=\"en\" data-phrase-index=\"1\">Dodaj wyj\u0105tkowego komfortu swojemu obuwiu &#8211; to \u0142atwe dzi\u0119ki wk\u0142adkom Superfeet\u00ae EASYFIT. Nasza opatentowana konstrukcja wk\u0142adki wspiera \u0142uki i otula pi\u0119ty, aby z\u0142agodzi\u0107 b\u00f3le, zwalczy\u0107 zm\u0119czenie st\u00f3p i utrzyma\u0107 Ci\u0119 w dobrej kondycji przez ca\u0142y dzie\u0144. O\u017cyw stopy, nawet w najbardziej dopasowanych butach. Przeznaczone dla kobiet.\u00a0<\/span><\/span><\/p>\n","protected":false},"featured_media":447,"template":"","meta":{"neve_meta_sidebar":"","neve_meta_container":"full-width","neve_meta_enable_content_width":"off","neve_meta_content_width":0,"neve_meta_title_alignment":"","neve_meta_author_avatar":"","neve_post_elements_order":"","neve_meta_disable_header":"","neve_meta_disable_footer":"","neve_meta_disable_title":""},"product_cat":[15,29,20,40,39],"product_tag":[],"class_list":["post-337","product","type-product","status-publish","has-post-thumbnail","hentry","product_cat-wszystkie","product_cat-botki-buty-wizytowe","product_cat-codzienne","product_cat-damskie","product_cat-w-pracy-i-na-budowie"],"_links":{"self":[{"href":"https:\/\/sklep.superfeet.pl\/index.php\/wp-json\/wp\/v2\/product\/337","targetHints":{"allow":["GET"]}}],"collection":[{"href":"https:\/\/sklep.superfeet.pl\/index.php\/wp-json\/wp\/v2\/product"}],"about":[{"href":"https:\/\/sklep.superfeet.pl\/index.php\/wp-json\/wp\/v2\/types\/product"}],"wp:featuredmedia":[{"embeddable":true,"href":"https:\/\/sklep.superfeet.pl\/index.php\/wp-json\/wp\/v2\/media\/447"}],"wp:attachment":[{"href":"https:\/\/sklep.superfeet.pl\/index.php\/wp-json\/wp\/v2\/media?parent=337"}],"wp:term":[{"taxonomy":"product_cat","embeddable":true,"href":"https:\/\/sklep.superfeet.pl\/index.php\/wp-json\/wp\/v2\/product_cat?post=337"},{"taxonomy":"product_tag","embeddable":true,"href":"https:\/\/sklep.superfeet.pl\/index.php\/wp-json\/wp\/v2\/product_tag?post=337"}],"curies":[{"name":"wp","href":"https:\/\/api.w.org\/{rel}","templated":true}]}}