{"id":210,"date":"2020-11-20T15:52:18","date_gmt":"2020-11-20T13:52:18","guid":{"rendered":"https:\/\/sklep.superfeet.pl\/?post_type=product&#038;p=210"},"modified":"2025-11-05T10:49:59","modified_gmt":"2025-11-05T08:49:59","slug":"carbon","status":"publish","type":"product","link":"https:\/\/sklep.superfeet.pl\/index.php\/product\/carbon\/","title":{"rendered":"Active Support Low Arch (Carbon)"},"content":{"rendered":"<p><strong><img loading=\"lazy\" decoding=\"async\" class=\"alignleft wp-image-208\" src=\"https:\/\/sklep.superfeet.pl\/wp-content\/uploads\/2020\/11\/carbon-300x273.png\" alt=\"SUPERFEET CARBON\" width=\"400\" height=\"363\" srcset=\"https:\/\/sklep.superfeet.pl\/wp-content\/uploads\/2020\/11\/carbon-300x273.png 300w, https:\/\/sklep.superfeet.pl\/wp-content\/uploads\/2020\/11\/carbon.png 600w\" sizes=\"auto, (max-width: 400px) 100vw, 400px\" \/>A. LEKKA PIANKA O WYSOKIEJ G\u0118STO\u015aCI<br \/>\n<\/strong>Trwa\u0142a, zamkni\u0119tokom\u00f3rkowa pianka zapewnia d\u0142ugotrwa\u0142y komfort dla dobrze dopasowanego obuwia sportowego.<\/p>\n<p><strong>B.<\/strong> <strong>TRWA\u0141A KONSTRUKCJA<br \/>\n<\/strong><span lang=\"pl\">Wk\u0142adki Superfeet zachowuj\u0105 sw\u00f3j kszta\u0142t, zapewniaj\u0105c niezawodne podparcie i wygod\u0119 przez 12 miesi\u0119cy lub do 800 km, w zale\u017cno\u015bci od tego, co nast\u0105pi wcze\u015bniej.<\/span><\/p>\n<p><span lang=\"pl\"><strong>C. PROFIL STABILIZATORA Z W\u0141\u00d3KNA W\u0118GLOWEGO<\/strong><br \/>\nStabilizator wk\u0142adki wspiera tyln\u0105 cz\u0119\u015b\u0107 stopy i zapewnia struktur\u0119 i stabilno\u015b\u0107 dla warstwy pianki.\u00a0 Wzmocniony EVOLyte\u00ae &#8211; opatentowan\u0105 mieszank\u0105 w\u0142\u00f3kien w\u0119glowych i polimer\u00f3w.<\/span><\/p>\n<p id=\"tw-target-text\" class=\"tw-data-text tw-text-large XcVN5d tw-ta\" dir=\"ltr\" data-placeholder=\"T\u0142umaczenie\"><span lang=\"pl\"><strong>D. KONSTRUKCJA NISKOPROFILOWA<\/strong><br \/>\nNajcie\u0144sza wk\u0142adka Superfeet.<\/span><\/p>\n<p><strong>E. PERFORACJE PIANKI<br \/>\n<\/strong>Perforacje w \u015br\u00f3dstopiu i przedniej cz\u0119\u015bci stopy zmniejszaj\u0105 wag\u0119 i poprawiaj\u0105 oddychalno\u015b\u0107.<\/p>\n<p><strong>F. SZERSZE PRZODOSTOPIE<\/strong><br \/>\nPasuje do szerokiej gamy obuwia.<\/p>\n<p><strong>G. FREZOWANA KRAW\u0118D\u0179<\/strong><br \/>\nUko\u015bna kraw\u0119d\u017a pianki poprawia dopasowanie w cia\u015bniejszym obuwiu.<\/p>\n<p><strong>H. KSZTA\u0141T SUPERFEET\u00ae<\/strong><br \/>\nKszta\u0142t wk\u0142adki pomaga stabilizowa\u0107 i podpiera\u0107 stop\u0119,\u00a0 efekcie redukuj\u0105c obci\u0105\u017cenie st\u00f3p, staw\u00f3w skokowych i kolan.<\/p>\n<p><strong>I<\/strong>. <span lang=\"pl\"><strong>POW\u0141OKA Z KONTROL\u0104 ZAPACHU<\/strong><br \/>\nNaturalna pow\u0142oka, kt\u00f3ra eliminuje bakterie powoduj\u0105ce nieprzyjemny zapach<\/span><\/p>\n<p><strong>J. STABILIZATOR PI\u0118TY<\/strong><br \/>\nStrukturyzowana nak\u0142adka pi\u0119ty stabilizuje i podtrzymuje stop\u0119 oraz ustawia ja tak, aby naturalnie absorbowa\u0142a uderzenia.<\/p>\n<p><img loading=\"lazy\" decoding=\"async\" class=\"alignnone wp-image-224 size-large\" src=\"https:\/\/sklep.superfeet.pl\/wp-content\/uploads\/2020\/11\/CARBON_Enhanced_04-1024x1024.jpg\" alt=\"SUPERFEET CARBON\" width=\"1024\" height=\"1024\" srcset=\"https:\/\/sklep.superfeet.pl\/wp-content\/uploads\/2020\/11\/CARBON_Enhanced_04-1024x1024.jpg 1024w, https:\/\/sklep.superfeet.pl\/wp-content\/uploads\/2020\/11\/CARBON_Enhanced_04-300x300.jpg 300w, https:\/\/sklep.superfeet.pl\/wp-content\/uploads\/2020\/11\/CARBON_Enhanced_04-150x150.jpg 150w, https:\/\/sklep.superfeet.pl\/wp-content\/uploads\/2020\/11\/CARBON_Enhanced_04-768x768.jpg 768w, https:\/\/sklep.superfeet.pl\/wp-content\/uploads\/2020\/11\/CARBON_Enhanced_04-600x600.jpg 600w, https:\/\/sklep.superfeet.pl\/wp-content\/uploads\/2020\/11\/CARBON_Enhanced_04-100x100.jpg 100w, https:\/\/sklep.superfeet.pl\/wp-content\/uploads\/2020\/11\/CARBON_Enhanced_04.jpg 1500w\" sizes=\"auto, (max-width: 1024px) 100vw, 1024px\" \/><\/p>\n","protected":false},"excerpt":{"rendered":"<div id=\"KnM9nf\">\n<div id=\"tw-target\">\n<div id=\"kAz1tf\" class=\"g9WsWb\">\n<div id=\"tw-target-text-container\" class=\"tw-ta-container hide-focus-ring tw-nfl\">\n<p id=\"tw-target-text\" class=\"tw-data-text tw-text-large XcVN5d tw-ta\" dir=\"ltr\" data-placeholder=\"T\u0142umaczenie\"><span lang=\"pl\">Prze\u0142omowa konstrukcja \u0142\u0105czy w sobie wytrzyma\u0142o\u015b\u0107 w\u0142\u00f3kna w\u0119glowego z ultralekk\u0105 piank\u0105, tworz\u0105c jedn\u0105 z naszych najbardziej innowacyjnych, wysokowydajnych wk\u0142adek Superfeet w historii.<\/span><\/p>\n<\/div>\n<\/div>\n<\/div>\n<\/div>\n","protected":false},"featured_media":396,"template":"","meta":{"neve_meta_sidebar":"","neve_meta_container":"full-width","neve_meta_enable_content_width":"off","neve_meta_content_width":0,"neve_meta_title_alignment":"","neve_meta_author_avatar":"","neve_post_elements_order":"","neve_meta_disable_header":"","neve_meta_disable_footer":"","neve_meta_disable_title":""},"product_cat":[15,42,41,26,28],"product_tag":[],"class_list":["post-210","product","type-product","status-publish","has-post-thumbnail","hentry","product_cat-wszystkie","product_cat-dzieciece","product_cat-meskie","product_cat-outdoor","product_cat-pilka-nozna-hokej-rolki"],"_links":{"self":[{"href":"https:\/\/sklep.superfeet.pl\/index.php\/wp-json\/wp\/v2\/product\/210","targetHints":{"allow":["GET"]}}],"collection":[{"href":"https:\/\/sklep.superfeet.pl\/index.php\/wp-json\/wp\/v2\/product"}],"about":[{"href":"https:\/\/sklep.superfeet.pl\/index.php\/wp-json\/wp\/v2\/types\/product"}],"wp:featuredmedia":[{"embeddable":true,"href":"https:\/\/sklep.superfeet.pl\/index.php\/wp-json\/wp\/v2\/media\/396"}],"wp:attachment":[{"href":"https:\/\/sklep.superfeet.pl\/index.php\/wp-json\/wp\/v2\/media?parent=210"}],"wp:term":[{"taxonomy":"product_cat","embeddable":true,"href":"https:\/\/sklep.superfeet.pl\/index.php\/wp-json\/wp\/v2\/product_cat?post=210"},{"taxonomy":"product_tag","embeddable":true,"href":"https:\/\/sklep.superfeet.pl\/index.php\/wp-json\/wp\/v2\/product_tag?post=210"}],"curies":[{"name":"wp","href":"https:\/\/api.w.org\/{rel}","templated":true}]}}