{"id":185,"date":"2020-11-20T14:08:25","date_gmt":"2020-11-20T12:08:25","guid":{"rendered":"https:\/\/sklep.superfeet.pl\/?post_type=product&#038;p=185"},"modified":"2024-11-23T11:07:09","modified_gmt":"2024-11-23T09:07:09","slug":"run-pain-relief","status":"publish","type":"product","link":"https:\/\/sklep.superfeet.pl\/index.php\/product\/run-pain-relief\/","title":{"rendered":"Run Pain Relief"},"content":{"rendered":"<p><strong><img loading=\"lazy\" decoding=\"async\" class=\"alignleft wp-image-199\" src=\"https:\/\/sklep.superfeet.pl\/wp-content\/uploads\/2020\/11\/run_pain_relief_product-300x273.png\" alt=\"RUN PAIN RELIEF\" width=\"400\" height=\"363\" srcset=\"https:\/\/sklep.superfeet.pl\/wp-content\/uploads\/2020\/11\/run_pain_relief_product-300x273.png 300w, https:\/\/sklep.superfeet.pl\/wp-content\/uploads\/2020\/11\/run_pain_relief_product.png 600w\" sizes=\"auto, (max-width: 400px) 100vw, 400px\" \/>A. NIEZALE\u017bNY STABILIZATOR PI\u0118TY<br \/>\n<\/strong>Dodatkowa struktura i wsparcie<strong>.<br \/>\n<\/strong><\/p>\n<p><strong>B.<\/strong> <span lang=\"pl\"><strong>TRWA\u0141A KONSTRUKCJA<\/strong><br \/>\nWk\u0142adki Superfeet zachowuj\u0105 sw\u00f3j kszta\u0142t, zapewniaj\u0105c niezawodne podparcie i wygod\u0119 przez 12 miesi\u0119cy lub do 800 km, w zale\u017cno\u015bci od tego, co nast\u0105pi wcze\u015bniej.<\/span><\/p>\n<p><strong>C. PIANKA TERAPEUTYCZNA<br \/>\n<\/strong>Amortyzuje i chroni stop\u0119, jednocze\u015bnie zmniejszaj\u0105c tarcie i wra\u017cliwe punkty<strong><br \/>\n<\/strong><\/p>\n<p><strong>D. G\u0141\u0118BOKIE PROFIL PI\u0118TY I WSPIERAJ\u0104CY KSZTA\u0141T<\/strong><br \/>\nMinimalizuje powtarzaj\u0105ce si\u0119 obc\u0105i\u017cenia.<\/p>\n<p><strong>E.\u00a0 MOISTUREWICK\u2122<br \/>\n<\/strong>D\u0142ugotrwa\u0142a kontrola zapachu<strong>.<\/strong><\/p>\n<div id=\"tw-target-rmn-container\" class=\"tw-ta-container hide-focus-ring tw-nfl\">\n<p dir=\"ltr\"><strong>F. <span lang=\"pl\">NAK\u0141ADKA STABILIZUJ\u0104CA Z W\u0141\u00d3KNA W\u0118GLOWEGO EVOLYTE \u2122<br \/>\n<\/span><\/strong><span lang=\"pl\">Reaguje na kompresj\u0119, powracaj\u0105c do swojego pierwotnego kszta\u0142tu.<\/span><\/p>\n<\/div>\n<p><img loading=\"lazy\" decoding=\"async\" class=\"alignnone wp-image-205\" src=\"https:\/\/sklep.superfeet.pl\/wp-content\/uploads\/2020\/11\/RUN_PAIN_RELIEF_online_merch_assets-04-1024x1024.jpg\" alt=\"RUN PAIN RELIEF\" width=\"1024\" height=\"1024\" srcset=\"https:\/\/sklep.superfeet.pl\/wp-content\/uploads\/2020\/11\/RUN_PAIN_RELIEF_online_merch_assets-04-1024x1024.jpg 1024w, https:\/\/sklep.superfeet.pl\/wp-content\/uploads\/2020\/11\/RUN_PAIN_RELIEF_online_merch_assets-04-300x300.jpg 300w, https:\/\/sklep.superfeet.pl\/wp-content\/uploads\/2020\/11\/RUN_PAIN_RELIEF_online_merch_assets-04-150x150.jpg 150w, https:\/\/sklep.superfeet.pl\/wp-content\/uploads\/2020\/11\/RUN_PAIN_RELIEF_online_merch_assets-04-768x768.jpg 768w, https:\/\/sklep.superfeet.pl\/wp-content\/uploads\/2020\/11\/RUN_PAIN_RELIEF_online_merch_assets-04-1536x1536.jpg 1536w, https:\/\/sklep.superfeet.pl\/wp-content\/uploads\/2020\/11\/RUN_PAIN_RELIEF_online_merch_assets-04-2048x2048.jpg 2048w, https:\/\/sklep.superfeet.pl\/wp-content\/uploads\/2020\/11\/RUN_PAIN_RELIEF_online_merch_assets-04-600x600.jpg 600w, https:\/\/sklep.superfeet.pl\/wp-content\/uploads\/2020\/11\/RUN_PAIN_RELIEF_online_merch_assets-04-100x100.jpg 100w\" sizes=\"auto, (max-width: 1024px) 100vw, 1024px\" \/><\/p>\n","protected":false},"excerpt":{"rendered":"<p id=\"tw-target-text\" class=\"tw-data-text tw-text-large XcVN5d tw-ta\" dir=\"ltr\" data-placeholder=\"T\u0142umaczenie\"><span lang=\"pl\">Zaprojektowane specjalnie do biegania, wk\u0142adki Superfeet RUN Pain Relief pomagaj\u0105 tak ustabilizowa\u0107 stop\u0119, aby zminimalizowa\u0107 jej obci\u0105\u017cenie.<br \/>\n<\/span><\/p>\n","protected":false},"featured_media":200,"template":"","meta":{"neve_meta_sidebar":"","neve_meta_container":"full-width","neve_meta_enable_content_width":"off","neve_meta_content_width":0,"neve_meta_title_alignment":"","neve_meta_author_avatar":"","neve_post_elements_order":"","neve_meta_disable_header":"","neve_meta_disable_footer":"","neve_meta_disable_title":""},"product_cat":[15,25,40,41,26],"product_tag":[],"class_list":["post-185","product","type-product","status-publish","has-post-thumbnail","hentry","product_cat-wszystkie","product_cat-bieganie","product_cat-damskie","product_cat-meskie","product_cat-outdoor"],"_links":{"self":[{"href":"https:\/\/sklep.superfeet.pl\/index.php\/wp-json\/wp\/v2\/product\/185","targetHints":{"allow":["GET"]}}],"collection":[{"href":"https:\/\/sklep.superfeet.pl\/index.php\/wp-json\/wp\/v2\/product"}],"about":[{"href":"https:\/\/sklep.superfeet.pl\/index.php\/wp-json\/wp\/v2\/types\/product"}],"wp:featuredmedia":[{"embeddable":true,"href":"https:\/\/sklep.superfeet.pl\/index.php\/wp-json\/wp\/v2\/media\/200"}],"wp:attachment":[{"href":"https:\/\/sklep.superfeet.pl\/index.php\/wp-json\/wp\/v2\/media?parent=185"}],"wp:term":[{"taxonomy":"product_cat","embeddable":true,"href":"https:\/\/sklep.superfeet.pl\/index.php\/wp-json\/wp\/v2\/product_cat?post=185"},{"taxonomy":"product_tag","embeddable":true,"href":"https:\/\/sklep.superfeet.pl\/index.php\/wp-json\/wp\/v2\/product_tag?post=185"}],"curies":[{"name":"wp","href":"https:\/\/api.w.org\/{rel}","templated":true}]}}