{"id":180,"date":"2020-11-20T14:07:08","date_gmt":"2020-11-20T12:07:08","guid":{"rendered":"https:\/\/sklep.superfeet.pl\/?post_type=product&#038;p=180"},"modified":"2024-10-21T12:10:58","modified_gmt":"2024-10-21T10:10:58","slug":"run-comfort-thin","status":"publish","type":"product","link":"https:\/\/sklep.superfeet.pl\/index.php\/product\/run-comfort-thin\/","title":{"rendered":"Active Support Medium Arch (Run Comfort Thin)"},"content":{"rendered":"<p><strong><img loading=\"lazy\" decoding=\"async\" class=\"wp-image-190 alignleft\" src=\"https:\/\/sklep.superfeet.pl\/wp-content\/uploads\/2020\/11\/run_comfort_thin-300x273.png\" alt=\"RUN Comfort Thin\" width=\"400\" height=\"363\" srcset=\"https:\/\/sklep.superfeet.pl\/wp-content\/uploads\/2020\/11\/run_comfort_thin-300x273.png 300w, https:\/\/sklep.superfeet.pl\/wp-content\/uploads\/2020\/11\/run_comfort_thin.png 600w\" sizes=\"auto, (max-width: 400px) 100vw, 400px\" \/>A. 20% CIE\u0143SZE<br \/>\n<\/strong>Niezwyk\u0142y komfort w smuk\u0142ym, wszechstronnym kroju.<\/p>\n<p><strong>B. G\u0141\u0118BOKI PROFIL PI\u0118TY<\/strong><br \/>\nNajszerszy i najg\u0142\u0119bszy profil pi\u0119ty, kt\u00f3ry oferuje maksymalne podparcie i wspomaga naturaln\u0105 amortyzacj\u0119.<\/p>\n<p><strong>C.<\/strong> <span lang=\"pl\"><strong>TRWA\u0141A KONSTRUKCJA<\/strong><br \/>\nWk\u0142adki Superfeet zachowuj\u0105 sw\u00f3j kszta\u0142t, zapewniaj\u0105c niezawodne podparcie i wygod\u0119 przez 12 miesi\u0119cy lub do 800 km, w zale\u017cno\u015bci od tego, co nast\u0105pi wcze\u015bniej.<\/span><\/p>\n<p><strong>D. PIANKA<span lang=\"pl\"> AEROSPRING \u2122 REBOUND DUAL COMFORT<br \/>\n<\/span><\/strong><span lang=\"pl\">Zapewnia pe\u0142n\u0105 amortyzacj\u0119 od pi\u0119ty a\u017c do palc\u00f3w. Gwarantuje najwy\u017cszy komfort na ka\u017cdym kroku.<\/span><\/p>\n<p><strong>E. H.I.T. (HEEL IMPACT TECHNOLOGY) POD<br \/>\n<\/strong>Rozprasza uderzenie pi\u0119ty o pod\u0142o\u017ce.<\/p>\n<div id=\"tw-target-rmn-container\" class=\"tw-ta-container hide-focus-ring tw-nfl\">\n<p id=\"tw-target-rmn\" class=\"tw-data-placeholder tw-text-small tw-ta\" dir=\"ltr\"><strong>F.\u00a0 MOISTUREWICK\u2122<br \/>\n<\/strong>D\u0142ugotrwa\u0142a kontrola zapachu<strong>.<br \/>\n<\/strong><\/p>\n<p dir=\"ltr\"><strong>F. <span lang=\"pl\">NAK\u0141ADKA STABILIZUJ\u0104CA Z W\u0141\u00d3KNA W\u0118GLOWEGO EVOLYTE \u2122<br \/>\n<\/span><\/strong><span lang=\"pl\">Reaguje na kompresj\u0119, powracaj\u0105c do swojego pierwotnego kszta\u0142tu.<\/span><\/p>\n<\/div>\n<p><img loading=\"lazy\" decoding=\"async\" class=\"alignnone wp-image-196 size-full\" src=\"https:\/\/sklep.superfeet.pl\/wp-content\/uploads\/2020\/11\/RUN_THIN_online_merch_assets-04_Easy-Resize.com_.jpg\" alt=\"RUN Comfort Thin\" width=\"1280\" height=\"1280\" srcset=\"https:\/\/sklep.superfeet.pl\/wp-content\/uploads\/2020\/11\/RUN_THIN_online_merch_assets-04_Easy-Resize.com_.jpg 1280w, https:\/\/sklep.superfeet.pl\/wp-content\/uploads\/2020\/11\/RUN_THIN_online_merch_assets-04_Easy-Resize.com_-300x300.jpg 300w, https:\/\/sklep.superfeet.pl\/wp-content\/uploads\/2020\/11\/RUN_THIN_online_merch_assets-04_Easy-Resize.com_-1024x1024.jpg 1024w, https:\/\/sklep.superfeet.pl\/wp-content\/uploads\/2020\/11\/RUN_THIN_online_merch_assets-04_Easy-Resize.com_-150x150.jpg 150w, https:\/\/sklep.superfeet.pl\/wp-content\/uploads\/2020\/11\/RUN_THIN_online_merch_assets-04_Easy-Resize.com_-768x768.jpg 768w, https:\/\/sklep.superfeet.pl\/wp-content\/uploads\/2020\/11\/RUN_THIN_online_merch_assets-04_Easy-Resize.com_-600x600.jpg 600w, https:\/\/sklep.superfeet.pl\/wp-content\/uploads\/2020\/11\/RUN_THIN_online_merch_assets-04_Easy-Resize.com_-100x100.jpg 100w\" sizes=\"auto, (max-width: 1280px) 100vw, 1280px\" \/><\/p>\n","protected":false},"excerpt":{"rendered":"<div class=\"QmZWSe\">\n<div class=\"DHcWmd\">\n<div id=\"tw-target\">\n<div id=\"kAz1tf\" class=\"g9WsWb\">\n<div id=\"tw-target-text-container\" class=\"tw-ta-container hide-focus-ring tw-nfl\">\n<p id=\"tw-target-text\" class=\"tw-data-text tw-text-large XcVN5d tw-ta\" dir=\"ltr\" data-placeholder=\"T\u0142umaczenie\"><span lang=\"pl\">Biegaczu! spersonalizuj swoje ulubione buty do biegania dzi\u0119ki wk\u0142adkom Superfeet\u00ae RUN Comfort Thin. Zaprojektowane specjalnie do biegania, zapewniaj\u0105 maksymalny komfort w cienkim profilu, jednocze\u015bnie pomagaj\u0105c zminimalizowa\u0107 zm\u0119czenie st\u00f3p. Kszta\u0142t Superfeet, dostarczany przez nak\u0142adk\u0119 stabilizuj\u0105c\u0105 z w\u0142\u00f3kna w\u0119glowego EVOLyte \u2122 i wygodn\u0105 piank\u0119 Aerospring \u2122 Rebound, pozwalaja na p\u0142ynne i wydajne przenoszenie energii w ca\u0142ymprocesie chodu, od uderzenia stop\u0105 o pod\u0142o\u017ce a\u017c po palce. Wyj\u0105tkowy komfort pod stopami; o 20% cie\u0144sza, dzi\u0119ki czemu zapewnia wszechstronne dopasowanie.<br \/>\n<\/span><\/p>\n<\/div>\n<\/div>\n<\/div>\n<\/div>\n<\/div>\n","protected":false},"featured_media":191,"template":"","meta":{"neve_meta_sidebar":"","neve_meta_container":"full-width","neve_meta_enable_content_width":"off","neve_meta_content_width":0,"neve_meta_title_alignment":"","neve_meta_author_avatar":"","neve_post_elements_order":"","neve_meta_disable_header":"","neve_meta_disable_footer":"","neve_meta_disable_title":""},"product_cat":[15,25,20,42,41],"product_tag":[],"class_list":["post-180","product","type-product","status-publish","has-post-thumbnail","hentry","product_cat-wszystkie","product_cat-bieganie","product_cat-codzienne","product_cat-dzieciece","product_cat-meskie"],"_links":{"self":[{"href":"https:\/\/sklep.superfeet.pl\/index.php\/wp-json\/wp\/v2\/product\/180","targetHints":{"allow":["GET"]}}],"collection":[{"href":"https:\/\/sklep.superfeet.pl\/index.php\/wp-json\/wp\/v2\/product"}],"about":[{"href":"https:\/\/sklep.superfeet.pl\/index.php\/wp-json\/wp\/v2\/types\/product"}],"wp:featuredmedia":[{"embeddable":true,"href":"https:\/\/sklep.superfeet.pl\/index.php\/wp-json\/wp\/v2\/media\/191"}],"wp:attachment":[{"href":"https:\/\/sklep.superfeet.pl\/index.php\/wp-json\/wp\/v2\/media?parent=180"}],"wp:term":[{"taxonomy":"product_cat","embeddable":true,"href":"https:\/\/sklep.superfeet.pl\/index.php\/wp-json\/wp\/v2\/product_cat?post=180"},{"taxonomy":"product_tag","embeddable":true,"href":"https:\/\/sklep.superfeet.pl\/index.php\/wp-json\/wp\/v2\/product_tag?post=180"}],"curies":[{"name":"wp","href":"https:\/\/api.w.org\/{rel}","templated":true}]}}