{"id":165,"date":"2020-11-20T13:44:51","date_gmt":"2020-11-20T11:44:51","guid":{"rendered":"https:\/\/sklep.superfeet.pl\/?post_type=product&#038;p=165"},"modified":"2024-10-21T12:12:05","modified_gmt":"2024-10-21T10:12:05","slug":"run-comfort","status":"publish","type":"product","link":"https:\/\/sklep.superfeet.pl\/index.php\/product\/run-comfort\/","title":{"rendered":"Active Support High Arch (Run Comfort)"},"content":{"rendered":"<p><img loading=\"lazy\" decoding=\"async\" class=\"alignleft wp-image-170\" src=\"https:\/\/sklep.superfeet.pl\/wp-content\/uploads\/2020\/11\/run_comfort_1-300x273.png\" alt=\"Run Comfort\" width=\"400\" height=\"363\" srcset=\"https:\/\/sklep.superfeet.pl\/wp-content\/uploads\/2020\/11\/run_comfort_1-300x273.png 300w, https:\/\/sklep.superfeet.pl\/wp-content\/uploads\/2020\/11\/run_comfort_1.png 600w\" sizes=\"auto, (max-width: 400px) 100vw, 400px\" \/><\/p>\n<p><strong>A. G\u0141\u0118BOKI PROFIL PI\u0118TY<\/strong><br \/>\nNajszerszy i najg\u0142\u0119bszy profil pi\u0119ty, kt\u00f3ry oferuje maksymalne podparcie i wspomaga naturaln\u0105 amortyzacj\u0119.<\/p>\n<p><strong>B.<\/strong> <span lang=\"pl\"><strong>TRWA\u0141A KONSTRUKCJA<\/strong><br \/>\nWk\u0142adki Superfeet zachowuj\u0105 sw\u00f3j kszta\u0142t, zapewniaj\u0105c niezawodne podparcie i wygod\u0119 przez 12 miesi\u0119cy lub do 800 km, w zale\u017cno\u015bci od tego, co nast\u0105pi wcze\u015bniej.<\/span><\/p>\n<p><strong>C. H.I.T. (HEEL IMPACT TECHNOLOGY) POD<br \/>\n<\/strong>Rozprasza uderzenie pi\u0119ty o pod\u0142o\u017ce.<\/p>\n<p id=\"tw-target-text\" class=\"tw-data-text tw-text-large XcVN5d tw-ta\" dir=\"ltr\" data-placeholder=\"T\u0142umaczenie\"><strong>D. PIANKA<span lang=\"pl\"> AEROSPRING \u2122 REBOUND DUAL COMFORT<br \/>\n<\/span><\/strong><span lang=\"pl\">Zapewnia pe\u0142n\u0105 amortyzacj\u0119 od pi\u0119ty a\u017c do palc\u00f3w. Gwarantuje najwy\u017cszy komfort na ka\u017cdym kroku.<br \/>\n<\/span><\/p>\n<div id=\"tw-target-rmn-container\" class=\"tw-ta-container hide-focus-ring tw-nfl\">\n<p id=\"tw-target-rmn\" class=\"tw-data-placeholder tw-text-small tw-ta\" dir=\"ltr\"><strong>E.\u00a0 MOISTUREWICK\u2122<br \/>\n<\/strong>D\u0142ugotrwa\u0142a kontrola zapachu<strong>.<br \/>\n<\/strong><\/p>\n<p dir=\"ltr\"><strong>F. <span lang=\"pl\">NAK\u0141ADKA STABILIZUJ\u0104CA Z W\u0141\u00d3KNA W\u0118GLOWEGO EVOLYTE \u2122<br \/>\n<\/span><\/strong><span lang=\"pl\">Reaguje na kompresj\u0119, powracaj\u0105c do swojego pierwotnego kszta\u0142tu.<\/span><\/p>\n<\/div>\n<p><img loading=\"lazy\" decoding=\"async\" class=\"alignnone wp-image-177 size-full\" src=\"https:\/\/sklep.superfeet.pl\/wp-content\/uploads\/2020\/11\/RUN_online_merch_assets-04_Easy-Resize.com_.jpg\" alt=\"Run Comfort\" width=\"1280\" height=\"1280\" srcset=\"https:\/\/sklep.superfeet.pl\/wp-content\/uploads\/2020\/11\/RUN_online_merch_assets-04_Easy-Resize.com_.jpg 1280w, https:\/\/sklep.superfeet.pl\/wp-content\/uploads\/2020\/11\/RUN_online_merch_assets-04_Easy-Resize.com_-300x300.jpg 300w, https:\/\/sklep.superfeet.pl\/wp-content\/uploads\/2020\/11\/RUN_online_merch_assets-04_Easy-Resize.com_-1024x1024.jpg 1024w, https:\/\/sklep.superfeet.pl\/wp-content\/uploads\/2020\/11\/RUN_online_merch_assets-04_Easy-Resize.com_-150x150.jpg 150w, https:\/\/sklep.superfeet.pl\/wp-content\/uploads\/2020\/11\/RUN_online_merch_assets-04_Easy-Resize.com_-768x768.jpg 768w, https:\/\/sklep.superfeet.pl\/wp-content\/uploads\/2020\/11\/RUN_online_merch_assets-04_Easy-Resize.com_-600x600.jpg 600w, https:\/\/sklep.superfeet.pl\/wp-content\/uploads\/2020\/11\/RUN_online_merch_assets-04_Easy-Resize.com_-100x100.jpg 100w\" sizes=\"auto, (max-width: 1280px) 100vw, 1280px\" \/><\/p>\n","protected":false},"excerpt":{"rendered":"<p><span lang=\"pl\">Zaprojektowane specjalnie do biegania, wk\u0142adki Superfeet RUN Comfort mog\u0105 pom\u00f3c biegaczom zmniejszy\u0107 zm\u0119czenie st\u00f3p, jednocze\u015bnie zwi\u0119kszaj\u0105c wydajno\u015b\u0107. Kszta\u0142t Superfeet dopasowuje but do stopy. Nak\u0142adka stabilizuj\u0105ca z w\u0142\u00f3kna w\u0119glowego EVOLyte i pianka AeroSpring Dual Comfort zapewniaj\u0105 wyj\u0105tkowy komfort oraz p\u0142ynne i wydajne przekazywanie energii podczas chodu od uderzenia stopy o pod\u0142o\u017ce a\u017c do palc\u00f3w.<\/span><\/p>\n","protected":false},"featured_media":171,"template":"","meta":{"neve_meta_sidebar":"","neve_meta_container":"full-width","neve_meta_enable_content_width":"off","neve_meta_content_width":0,"neve_meta_title_alignment":"","neve_meta_author_avatar":"","neve_post_elements_order":"","neve_meta_disable_header":"","neve_meta_disable_footer":"","neve_meta_disable_title":""},"product_cat":[15,25,20,40,42,26],"product_tag":[],"class_list":["post-165","product","type-product","status-publish","has-post-thumbnail","hentry","product_cat-wszystkie","product_cat-bieganie","product_cat-codzienne","product_cat-damskie","product_cat-dzieciece","product_cat-outdoor"],"_links":{"self":[{"href":"https:\/\/sklep.superfeet.pl\/index.php\/wp-json\/wp\/v2\/product\/165","targetHints":{"allow":["GET"]}}],"collection":[{"href":"https:\/\/sklep.superfeet.pl\/index.php\/wp-json\/wp\/v2\/product"}],"about":[{"href":"https:\/\/sklep.superfeet.pl\/index.php\/wp-json\/wp\/v2\/types\/product"}],"wp:featuredmedia":[{"embeddable":true,"href":"https:\/\/sklep.superfeet.pl\/index.php\/wp-json\/wp\/v2\/media\/171"}],"wp:attachment":[{"href":"https:\/\/sklep.superfeet.pl\/index.php\/wp-json\/wp\/v2\/media?parent=165"}],"wp:term":[{"taxonomy":"product_cat","embeddable":true,"href":"https:\/\/sklep.superfeet.pl\/index.php\/wp-json\/wp\/v2\/product_cat?post=165"},{"taxonomy":"product_tag","embeddable":true,"href":"https:\/\/sklep.superfeet.pl\/index.php\/wp-json\/wp\/v2\/product_tag?post=165"}],"curies":[{"name":"wp","href":"https:\/\/api.w.org\/{rel}","templated":true}]}}