{"id":138,"date":"2020-11-18T16:30:48","date_gmt":"2020-11-18T14:30:48","guid":{"rendered":"https:\/\/sklep.superfeet.pl\/?post_type=product&#038;p=138"},"modified":"2024-12-30T13:00:49","modified_gmt":"2024-12-30T11:00:49","slug":"blue","status":"publish","type":"product","link":"https:\/\/sklep.superfeet.pl\/index.php\/product\/blue\/","title":{"rendered":"All-Purpose Support Medium Arch (Blue)"},"content":{"rendered":"<p><strong><img loading=\"lazy\" decoding=\"async\" class=\"alignleft wp-image-155\" src=\"https:\/\/sklep.superfeet.pl\/wp-content\/uploads\/2020\/11\/blue-300x273.png\" alt=\"\" width=\"400\" height=\"363\" srcset=\"https:\/\/sklep.superfeet.pl\/wp-content\/uploads\/2020\/11\/blue-300x273.png 300w, https:\/\/sklep.superfeet.pl\/wp-content\/uploads\/2020\/11\/blue.png 600w\" sizes=\"auto, (max-width: 400px) 100vw, 400px\" \/><\/strong><\/p>\n<p><strong>A. PIANKA O DU\u017bEJ G\u0118STO\u015aCI<\/strong><br \/>\nPianka zamkni\u0119tokom\u00f3rkowa podpiera i amortyzuje stop\u0119, zapewniaj\u0105c d\u0142ugotrwa\u0142y komfort.<\/p>\n<p><strong>B. <\/strong><strong>KSZTA\u0141T SUPERFEET\u00ae<br \/>\n<\/strong>Kszta\u0142t wk\u0142adki pomaga stabilizowa\u0107 i podpiera\u0107 stop\u0119,\u00a0 efekcie redukuj\u0105c obci\u0105\u017cenie st\u00f3p, staw\u00f3w skokowych i kolan.<\/p>\n<p id=\"tw-target-text\" class=\"tw-data-text tw-text-large XcVN5d tw-ta\" dir=\"ltr\" data-placeholder=\"T\u0142umaczenie\"><strong>C. TRWA\u0141A KONSTRUKCJA<br \/>\n<\/strong><span lang=\"pl\">Wk\u0142adki Superfeet zachowuj\u0105 sw\u00f3j kszta\u0142t, zapewniaj\u0105c niezawodne podparcie i wygod\u0119 przez 12 miesi\u0119cy lub do 800 km, w zale\u017cno\u015bci od tego, co nast\u0105pi wcze\u015bniej.<\/span><\/p>\n<p><strong>D. <\/strong><span lang=\"pl\"><strong>ORGANICZNA POW\u0141OKA Z KONTROL\u0104 ZAPACHU<br \/>\n<\/strong><\/span><span lang=\"pl\">Naturalna pow\u0142oka eliminuj\u0105ca bakterie powoduj\u0105ce nieprzyjemny zapach.<\/span><\/p>\n<p><strong>E. <\/strong><span lang=\"pl\"><strong>WZMOCNIONY STABILIZATOR<br \/>\n<\/strong><\/span><span lang=\"pl\">Profil wzmocniony szynami wzd\u0142u\u017c boku, aby nada\u0107 struktur\u0119 i wzmocni\u0107 kszta\u0142t nak\u0142adki stabilizuj\u0105cej. <\/span><\/p>\n<p id=\"tw-target-text\" class=\"tw-data-text tw-text-large XcVN5d tw-ta\" dir=\"ltr\" data-placeholder=\"T\u0142umaczenie\"><strong>F. STABILIZATOR PI\u0118TY<\/strong><br \/>\n<span lang=\"pl\">Strukturyzowana nak\u0142adka pi\u0119ty stabilizuje i podtrzymuje stop\u0119 oraz ustawia ja tak, aby naturalnie absorbowa\u0142a uderzenia.<\/span><\/p>\n<p><img loading=\"lazy\" decoding=\"async\" class=\"aligncenter wp-image-148 size-full\" src=\"https:\/\/sklep.superfeet.pl\/wp-content\/uploads\/2020\/11\/BLUE_Enhanced_04.jpg\" alt=\"\" width=\"1500\" height=\"1500\" srcset=\"https:\/\/sklep.superfeet.pl\/wp-content\/uploads\/2020\/11\/BLUE_Enhanced_04.jpg 1500w, https:\/\/sklep.superfeet.pl\/wp-content\/uploads\/2020\/11\/BLUE_Enhanced_04-300x300.jpg 300w, https:\/\/sklep.superfeet.pl\/wp-content\/uploads\/2020\/11\/BLUE_Enhanced_04-1024x1024.jpg 1024w, https:\/\/sklep.superfeet.pl\/wp-content\/uploads\/2020\/11\/BLUE_Enhanced_04-150x150.jpg 150w, https:\/\/sklep.superfeet.pl\/wp-content\/uploads\/2020\/11\/BLUE_Enhanced_04-768x768.jpg 768w, https:\/\/sklep.superfeet.pl\/wp-content\/uploads\/2020\/11\/BLUE_Enhanced_04-600x600.jpg 600w, https:\/\/sklep.superfeet.pl\/wp-content\/uploads\/2020\/11\/BLUE_Enhanced_04-100x100.jpg 100w\" sizes=\"auto, (max-width: 1500px) 100vw, 1500px\" \/><\/p>\n","protected":false},"excerpt":{"rendered":"<p id=\"tw-target-text\" class=\"tw-data-text tw-text-large XcVN5d tw-ta\" dir=\"ltr\" data-placeholder=\"T\u0142umaczenie\"><span lang=\"pl\">Wk\u0142adka Superfeet BLUE zosta\u0142a stworzona, aby poprawi\u0107 og\u00f3lne dopasowanie i komfort Twojego obuwia. Kszta\u0142t i konstrukcja wk\u0142adki sprawiaj\u0105, \u017ce BLUE jest jedn\u0105 z najpopularniejszych wk\u0142adek Superfeet rok po roku. BLUE to trwa\u0142e wsparcie dla Twoich st\u00f3p ukryte w cie\u0144szej wk\u0142adce.<br \/>\n<\/span><\/p>\n","protected":false},"featured_media":149,"template":"","meta":{"neve_meta_sidebar":"","neve_meta_container":"full-width","neve_meta_enable_content_width":"off","neve_meta_content_width":0,"neve_meta_title_alignment":"","neve_meta_author_avatar":"","neve_post_elements_order":"","neve_meta_disable_header":"","neve_meta_disable_footer":"","neve_meta_disable_title":""},"product_cat":[15,20,42,41,26,27,39],"product_tag":[],"class_list":["post-138","product","type-product","status-publish","has-post-thumbnail","hentry","product_cat-wszystkie","product_cat-codzienne","product_cat-dzieciece","product_cat-meskie","product_cat-outdoor","product_cat-sporty-zimowe","product_cat-w-pracy-i-na-budowie"],"_links":{"self":[{"href":"https:\/\/sklep.superfeet.pl\/index.php\/wp-json\/wp\/v2\/product\/138","targetHints":{"allow":["GET"]}}],"collection":[{"href":"https:\/\/sklep.superfeet.pl\/index.php\/wp-json\/wp\/v2\/product"}],"about":[{"href":"https:\/\/sklep.superfeet.pl\/index.php\/wp-json\/wp\/v2\/types\/product"}],"wp:featuredmedia":[{"embeddable":true,"href":"https:\/\/sklep.superfeet.pl\/index.php\/wp-json\/wp\/v2\/media\/149"}],"wp:attachment":[{"href":"https:\/\/sklep.superfeet.pl\/index.php\/wp-json\/wp\/v2\/media?parent=138"}],"wp:term":[{"taxonomy":"product_cat","embeddable":true,"href":"https:\/\/sklep.superfeet.pl\/index.php\/wp-json\/wp\/v2\/product_cat?post=138"},{"taxonomy":"product_tag","embeddable":true,"href":"https:\/\/sklep.superfeet.pl\/index.php\/wp-json\/wp\/v2\/product_tag?post=138"}],"curies":[{"name":"wp","href":"https:\/\/api.w.org\/{rel}","templated":true}]}}