{"id":647,"date":"2020-12-16T00:41:37","date_gmt":"2020-12-15T22:41:37","guid":{"rendered":"https:\/\/sklep.superfeet.pl\/?page_id=647"},"modified":"2020-12-16T00:41:38","modified_gmt":"2020-12-15T22:41:38","slug":"dlaczego-superfeet","status":"publish","type":"page","link":"https:\/\/sklep.superfeet.pl\/index.php\/dlaczego-superfeet\/","title":{"rendered":"Dlaczego SUPERFEET?"},"content":{"rendered":"\n<p>Od 1977 roku Superfeet przyczynia si\u0119 do niezwyk\u0142ych osi\u0105gni\u0119\u0107 sportowych wielu os\u00f3b, podnosz\u0105c komfort oraz polepszaj\u0105c dopasowanie i funkcjonalno\u015b\u0107 ich obuwia. Wszystkie produkty Superfeet s\u0105 zgodne z zasadami biomechaniki uk\u0142adu ruchu, a ich kszta\u0142t oparty jest na za\u0142o\u017ceniach medycyny podiatrycznej. <br>Pomagaj\u0105 w szerokim zakresie problem\u00f3w zwi\u0105zanych ze zdrowiem st\u00f3p.<\/p>\n\n\n\n<p>Poznaj nasz\u0105 tajemnic\u0119:<\/p>\n\n\n\n<ul class=\"wp-block-list\"><li><a href=\"http:\/\/superfeet.pl\/dlaczego-superfeet\/\" target=\"_blank\" rel=\"noreferrer noopener\">Funkcja i gwarancja<\/a><\/li><\/ul>\n\n\n\n<ul class=\"wp-block-list\"><li><a href=\"http:\/\/superfeet.pl\/technologia-i-medycyna\/\" target=\"_blank\" rel=\"noreferrer noopener\">Technologia i medycyna<\/a><\/li><\/ul>\n\n\n\n<ul class=\"wp-block-list\"><li><a href=\"http:\/\/superfeet.pl\/historia-i-filozofia\/\" target=\"_blank\" rel=\"noreferrer noopener\">Historia i filozofia<\/a><\/li><\/ul>\n\n\n\n<ul class=\"wp-block-list\"><li><a href=\"http:\/\/superfeet.pl\/rozwiazywanie-problemow\/\" target=\"_blank\" rel=\"noreferrer noopener\">Rozwi\u0105zanie problem\u00f3w<\/a><\/li><\/ul>\n","protected":false},"excerpt":{"rendered":"<p>Od 1977 roku Superfeet przyczynia si\u0119 do niezwyk\u0142ych osi\u0105gni\u0119\u0107 sportowych wielu os\u00f3b, podnosz\u0105c komfort oraz polepszaj\u0105c dopasowanie i funkcjonalno\u015b\u0107 ich obuwia. Wszystkie produkty Superfeet s\u0105 zgodne z zasadami biomechaniki uk\u0142adu ruchu, a ich kszta\u0142t oparty jest na za\u0142o\u017ceniach medycyny podiatrycznej. Pomagaj\u0105 w szerokim zakresie problem\u00f3w zwi\u0105zanych ze zdrowiem st\u00f3p. Poznaj nasz\u0105 tajemnic\u0119: Funkcja i gwarancja&hellip;&nbsp;<a href=\"https:\/\/sklep.superfeet.pl\/index.php\/dlaczego-superfeet\/\" rel=\"bookmark\">Dowiedz si\u0119 wi\u0119cej &raquo;<span class=\"screen-reader-text\">Dlaczego SUPERFEET?<\/span><\/a><\/p>\n","protected":false},"author":2,"featured_media":0,"parent":0,"menu_order":0,"comment_status":"closed","ping_status":"closed","template":"","meta":{"neve_meta_sidebar":"full-width","neve_meta_container":"","neve_meta_enable_content_width":"on","neve_meta_content_width":100,"neve_meta_title_alignment":"","neve_meta_author_avatar":"","neve_post_elements_order":"","neve_meta_disable_header":"","neve_meta_disable_footer":"","neve_meta_disable_title":"","footnotes":""},"class_list":["post-647","page","type-page","status-publish","hentry"],"_links":{"self":[{"href":"https:\/\/sklep.superfeet.pl\/index.php\/wp-json\/wp\/v2\/pages\/647","targetHints":{"allow":["GET"]}}],"collection":[{"href":"https:\/\/sklep.superfeet.pl\/index.php\/wp-json\/wp\/v2\/pages"}],"about":[{"href":"https:\/\/sklep.superfeet.pl\/index.php\/wp-json\/wp\/v2\/types\/page"}],"author":[{"embeddable":true,"href":"https:\/\/sklep.superfeet.pl\/index.php\/wp-json\/wp\/v2\/users\/2"}],"replies":[{"embeddable":true,"href":"https:\/\/sklep.superfeet.pl\/index.php\/wp-json\/wp\/v2\/comments?post=647"}],"version-history":[{"count":1,"href":"https:\/\/sklep.superfeet.pl\/index.php\/wp-json\/wp\/v2\/pages\/647\/revisions"}],"predecessor-version":[{"id":648,"href":"https:\/\/sklep.superfeet.pl\/index.php\/wp-json\/wp\/v2\/pages\/647\/revisions\/648"}],"wp:attachment":[{"href":"https:\/\/sklep.superfeet.pl\/index.php\/wp-json\/wp\/v2\/media?parent=647"}],"curies":[{"name":"wp","href":"https:\/\/api.w.org\/{rel}","templated":true}]}}