{"id":564,"date":"2020-12-08T22:57:53","date_gmt":"2020-12-08T20:57:53","guid":{"rendered":"https:\/\/sklep.superfeet.pl\/?page_id=564"},"modified":"2020-12-16T15:32:39","modified_gmt":"2020-12-16T13:32:39","slug":"pobierz","status":"publish","type":"page","link":"https:\/\/sklep.superfeet.pl\/index.php\/pobierz\/","title":{"rendered":"Jak dobra\u0107 i przyci\u0105\u0107 wk\u0142adki"},"content":{"rendered":"\n<h3 class=\"wp-block-heading\"><span class=\"has-inline-color has-neve-link-color-color\">Jak wybra\u0107 wk\u0142adki<\/span><\/h3>\n\n\n\n<p>System dopasowania wk\u0142adek Superfeet oparty jest na dw\u00f3ch najwa\u017cniejszych danych:<\/p>\n\n\n\n<p><strong>1. Profil<\/strong> \u2013 rodzaj wk\u0142adki uwzgl\u0119dniaj\u0105cy kszta\u0142t i wysoko\u015b\u0107 wysklepienia stopy,<\/p>\n\n\n\n<div class=\"wp-block-media-text alignwide is-stacked-on-mobile\" style=\"grid-template-columns:20% auto\"><figure class=\"wp-block-media-text__media\"><img loading=\"lazy\" decoding=\"async\" width=\"150\" height=\"300\" src=\"https:\/\/sklep.superfeet.pl\/wp-content\/uploads\/2020\/12\/profile1-150x300-1.jpg\" alt=\"\" class=\"wp-image-601\"\/><\/figure><div class=\"wp-block-media-text__content\">\n<p><strong>NISKI PROFIL<\/strong><\/p>\n\n\n\n<p>Dopasowany kszta\u0142t zapewniaj\u0105cy wsparcie najr\u00f3\u017cniejszym rodzajom st\u00f3p.<\/p>\n\n\n\n<p><strong>\u015aREDNI PROFIL<\/strong><\/p>\n\n\n\n<p>Po\u015bredni kszta\u0142t zapewniaj\u0105cy podstawowe wsparcie dla wi\u0119kszo\u015bci rodzaj\u00f3w st\u00f3p.<\/p>\n\n\n\n<p><strong>WYSOKI PROFIL<\/strong><\/p>\n\n\n\n<p>Oferuje najbardziej wysklepiony kszta\u0142t i zapewnia maksymalne wsparcie dla wi\u0119kszo\u015bci rodzaj\u00f3w st\u00f3p.<\/p>\n<\/div><\/div>\n\n\n\n<p><strong>2. Obj\u0119to\u015b\u0107<\/strong> \u2013 przestrze\u0144 przeznaczona dla stopy wraz z wk\u0142adk\u0105.<\/p>\n\n\n\n<div class=\"wp-block-media-text alignwide is-stacked-on-mobile\" style=\"grid-template-columns:20% auto\"><figure class=\"wp-block-media-text__media\"><img loading=\"lazy\" decoding=\"async\" width=\"150\" height=\"300\" src=\"https:\/\/sklep.superfeet.pl\/wp-content\/uploads\/2020\/12\/volume1-150x300-1.jpg\" alt=\"\" class=\"wp-image-602\"\/><\/figure><div class=\"wp-block-media-text__content\">\n<p><strong>MA\u0141A OBJ\u0118TO\u015a\u0106<\/strong><\/p>\n\n\n\n<p>Pasuje do najszerszej gamy obuwia, r\u00f3wnie\u017c do bardzo dopasowanych but\u00f3w bez wymiennych wk\u0142adek fabrycznych.<\/p>\n\n\n\n<p><strong>\u015aREDNIA OBJ\u0118TO\u015a\u0106<\/strong><\/p>\n\n\n\n<p>Pasuje do wi\u0119kszo\u015bci styl\u00f3w obuwia, r\u00f3wnie\u017c niekt\u00f3rych but\u00f3w bez wymiennych wk\u0142adek fabrycznych.<\/p>\n\n\n\n<p><strong>DU\u017bA OBJ\u0118TO\u015a\u0106<\/strong><\/p>\n\n\n\n<p>Pasuje do przestronniej-szych typ\u00f3w obuwia z wyjmowanymi wk\u0142adkami fabrycznymi.<\/p>\n<\/div><\/div>\n\n\n\n<p><\/p>\n\n\n\n<p><\/p>\n\n\n\n<hr class=\"wp-block-separator\"\/>\n\n\n\n<h3 class=\"wp-block-heading\" id=\"Wybierz_rozmiar\"><span class=\"has-inline-color has-neve-link-color-color\">Dob\u00f3r w\u0142a\u015bciwego rozmiaru<\/span><\/h3>\n\n\n\n<p>Nie istnieje jednolity system rozmiar\u00f3w obuwia. Ten sam rozmiar, np rozmiar 40, mo\u017ce r\u00f3\u017cni\u0107 si\u0119 u r\u00f3\u017cnych producent\u00f3w nawet o 1\u00bd rozmiaru. Dlatego Superfeet produkuje wk\u0142adki pe\u0142nej d\u0142ugo\u015bci w zakresie danego rozmiaru, aby pokry\u0107 rozbie\u017cno\u015bci. Aby wk\u0142adka pasowa\u0142a do Twojego obuwia, wystarczy j\u0105 przyci\u0105\u0107.<\/p>\n\n\n\n<div class=\"wp-block-image\"><figure class=\"aligncenter size-large\"><img loading=\"lazy\" decoding=\"async\" width=\"1024\" height=\"269\" src=\"https:\/\/sklep.superfeet.pl\/wp-content\/uploads\/2020\/12\/rozmiarowka-1024x269.png\" alt=\"superfeet size chart\" class=\"wp-image-595\" srcset=\"https:\/\/sklep.superfeet.pl\/wp-content\/uploads\/2020\/12\/rozmiarowka-1024x269.png 1024w, https:\/\/sklep.superfeet.pl\/wp-content\/uploads\/2020\/12\/rozmiarowka-300x79.png 300w, https:\/\/sklep.superfeet.pl\/wp-content\/uploads\/2020\/12\/rozmiarowka-768x202.png 768w, https:\/\/sklep.superfeet.pl\/wp-content\/uploads\/2020\/12\/rozmiarowka-600x158.png 600w, https:\/\/sklep.superfeet.pl\/wp-content\/uploads\/2020\/12\/rozmiarowka.png 1347w\" sizes=\"auto, (max-width: 1024px) 100vw, 1024px\" \/><\/figure><\/div>\n\n\n\n<p><\/p>\n\n\n\n<p><\/p>\n\n\n\n<hr class=\"wp-block-separator\"\/>\n\n\n\n<h3 class=\"wp-block-heading\"><span style=\"color:#80b540\" class=\"has-inline-color\">Jak przyci\u0105\u0107 wk\u0142adki do but\u00f3w<\/span><\/h3>\n\n\n\n<div class=\"wp-block-media-text alignwide is-stacked-on-mobile\" style=\"grid-template-columns:15% auto\"><figure class=\"wp-block-media-text__media\"><img loading=\"lazy\" decoding=\"async\" width=\"195\" height=\"543\" src=\"https:\/\/sklep.superfeet.pl\/wp-content\/uploads\/2020\/12\/przytnij1-5.png\" alt=\"\" class=\"wp-image-604\" srcset=\"https:\/\/sklep.superfeet.pl\/wp-content\/uploads\/2020\/12\/przytnij1-5.png 195w, https:\/\/sklep.superfeet.pl\/wp-content\/uploads\/2020\/12\/przytnij1-5-108x300.png 108w\" sizes=\"auto, (max-width: 195px) 100vw, 195px\" \/><\/figure><div class=\"wp-block-media-text__content\">\n<p><\/p>\n\n\n\n<p><\/p>\n\n\n\n<p>Wyjmij z obuwia fabryczn\u0105 wk\u0142adk\u0119. <br><\/p>\n\n\n\n<p>Po\u0142\u00f3\u017c fabryczn\u0105 wk\u0142adk\u0119 na wk\u0142adce Superfeet wyr\u00f3wnuj\u0105c lini\u0119 pi\u0119ty i wewn\u0119trzn\u0105 kraw\u0119d\u017a najszerszej cz\u0119\u015bci stopy. <br><\/p>\n\n\n\n<p>Obrysuj mazakiem kszta\u0142t wk\u0142adki.<br>Je\u015bli obuwie nie zawiera\u0142o wk\u0142adki fabrycznej \u2013 obrysuj kszta\u0142t stopy.<br><\/p>\n\n\n\n<p>Przytnij wzd\u0142u\u017c zaznaczonej linii i umie\u015b\u0107 wk\u0142adk\u0119 w bucie.<br><br>Wk\u0142adki powinny by\u0107 dopasowane, ale wk\u0142adane bez wysi\u0142ku. Nie powinny zawija\u0107 si\u0119 na ko\u0144cach. Po przyci\u0119ciu powinna pozosta\u0107 niewielka ilo\u015b\u0107 miejsca z przodu i ty\u0142u wk\u0142adki (ok 2 mm). Mo\u017cna przycina\u0107 stopniowo.<\/p>\n<\/div><\/div>\n\n\n\n<p><\/p>\n\n\n\n<p><\/p>\n\n\n\n<p><strong>NA CO ZWRACA\u0106 UWAG\u0118 PRZY DOPASOWYWANIU WK\u0141ADKI<\/strong><\/p>\n\n\n\n<ul class=\"wp-block-list\"><li>Sprawd\u017a, czy pi\u0119ta pasuje do wg\u0142\u0119bienia wk\u0142adki i nie wystaje poza jej kraw\u0119d\u017a. <\/li><li>Je\u015bli wk\u0142adka jest zbyt w\u0105ska, wybierz wy\u017cszy rozmiar literowy.<\/li><li>Je\u015bli palce wystaj\u0105 poza wk\u0142adk\u0119, wybierz wy\u017cszy rozmiar literowy.&nbsp;<\/li><\/ul>\n\n\n\n<div class=\"wp-block-image\"><figure class=\"aligncenter size-large\"><img loading=\"lazy\" decoding=\"async\" width=\"1024\" height=\"337\" src=\"https:\/\/sklep.superfeet.pl\/wp-content\/uploads\/2020\/12\/wlasciwe_przyciecie-1024x337.png\" alt=\"\" class=\"wp-image-607\" srcset=\"https:\/\/sklep.superfeet.pl\/wp-content\/uploads\/2020\/12\/wlasciwe_przyciecie-1024x337.png 1024w, https:\/\/sklep.superfeet.pl\/wp-content\/uploads\/2020\/12\/wlasciwe_przyciecie-300x99.png 300w, https:\/\/sklep.superfeet.pl\/wp-content\/uploads\/2020\/12\/wlasciwe_przyciecie-768x253.png 768w, https:\/\/sklep.superfeet.pl\/wp-content\/uploads\/2020\/12\/wlasciwe_przyciecie-600x197.png 600w, https:\/\/sklep.superfeet.pl\/wp-content\/uploads\/2020\/12\/wlasciwe_przyciecie.png 1247w\" sizes=\"auto, (max-width: 1024px) 100vw, 1024px\" \/><\/figure><\/div>\n\n\n\n<p><\/p>\n\n\n\n<p><\/p>\n\n\n\n<hr class=\"wp-block-separator\"\/>\n\n\n\n<p><strong>PRZYZWYCZAJENIE SI\u0118 DO WK\u0141ADKI MO\u017bE ZAJ\u0104\u0106 STOPIE TROCH\u0118 CZASU<\/strong><\/p>\n\n\n\n<p>Wsparcie cz\u0119sto odczuwane jest w tylnej cz\u0119\u015bci \u0142uku przed pi\u0119t\u0105. To po prostu jedyny w swoim rodzaju kszta\u0142t wk\u0142adek Superfeet wykonuje swoj\u0105 prac\u0119 \u2013 stabilizuje pi\u0119t\u0119. To uczucie mo\u017ce by\u0107 dla st\u00f3p nowe. Dlatego nale\u017cy da\u0107 im czas na przyzwyczajenie si\u0119 do nowej wk\u0142adki.<\/p>\n\n\n\n<div class=\"wp-block-image\"><figure class=\"aligncenter size-large\"><img loading=\"lazy\" decoding=\"async\" width=\"600\" height=\"215\" src=\"https:\/\/sklep.superfeet.pl\/wp-content\/uploads\/2020\/12\/czas.jpg\" alt=\"\" class=\"wp-image-630\" srcset=\"https:\/\/sklep.superfeet.pl\/wp-content\/uploads\/2020\/12\/czas.jpg 600w, https:\/\/sklep.superfeet.pl\/wp-content\/uploads\/2020\/12\/czas-300x108.jpg 300w\" sizes=\"auto, (max-width: 600px) 100vw, 600px\" \/><\/figure><\/div>\n\n\n\n<p><\/p>\n\n\n\n<p class=\"has-text-align-left\">Zaleca si\u0119 u\u017cywanie wk\u0142adek:<\/p>\n\n\n\n<ul class=\"wp-block-list\"><li>1-2 godziny pierwszego dnia<\/li><li>2-3 godziny nast\u0119pnego dnia<\/li><li>w kolejnych dniach dodawaj godzin\u0119 lub dwie a\u017c stopy przyzwyczaj\u0105 si\u0119 do w\u0142a\u015bciwego wsparcia przez ca\u0142y dzie\u0144.<\/li><\/ul>\n\n\n\n<p><\/p>\n\n\n\n<h3 class=\"has-text-align-center wp-block-heading\">Pami\u0119taj! Proces ten NIE POWINIEN&nbsp;by\u0107 niewygodny!<\/h3>\n\n\n\n<p><\/p>\n\n\n\n<p><a href=\"https:\/\/sklep.superfeet.pl\/wp-content\/uploads\/2020\/12\/Dowiedz-sie-jak-dobrac-wkladki.pdf\" target=\"_blank\" rel=\"noreferrer noopener\"><img loading=\"lazy\" decoding=\"async\" width=\"30\" height=\"30\" class=\"wp-image-466\" style=\"width: 30px;\" src=\"https:\/\/sklep.superfeet.pl\/wp-content\/uploads\/2020\/12\/pdf.png\" alt=\"przytnij superfeet\" srcset=\"https:\/\/sklep.superfeet.pl\/wp-content\/uploads\/2020\/12\/pdf.png 512w, https:\/\/sklep.superfeet.pl\/wp-content\/uploads\/2020\/12\/pdf-300x300.png 300w, https:\/\/sklep.superfeet.pl\/wp-content\/uploads\/2020\/12\/pdf-150x150.png 150w, https:\/\/sklep.superfeet.pl\/wp-content\/uploads\/2020\/12\/pdf-100x100.png 100w\" sizes=\"auto, (max-width: 30px) 100vw, 30px\" \/><\/a> instrukcja &#8211; <a href=\"https:\/\/sklep.superfeet.pl\/wp-content\/uploads\/2020\/12\/Dowiedz-sie-jak-dobrac-wkladki.pdf\" target=\"_blank\" rel=\"noreferrer noopener\">Dowiedz si\u0119 jak dopasowa\u0107 wk\u0142adki w bucie<\/a><\/p>\n","protected":false},"excerpt":{"rendered":"<p>Jak wybra\u0107 wk\u0142adki System dopasowania wk\u0142adek Superfeet oparty jest na dw\u00f3ch najwa\u017cniejszych danych: 1. Profil \u2013 rodzaj wk\u0142adki uwzgl\u0119dniaj\u0105cy kszta\u0142t i wysoko\u015b\u0107 wysklepienia stopy, NISKI PROFIL Dopasowany kszta\u0142t zapewniaj\u0105cy wsparcie najr\u00f3\u017cniejszym rodzajom st\u00f3p. \u015aREDNI PROFIL Po\u015bredni kszta\u0142t zapewniaj\u0105cy podstawowe wsparcie dla wi\u0119kszo\u015bci rodzaj\u00f3w st\u00f3p. WYSOKI PROFIL Oferuje najbardziej wysklepiony kszta\u0142t i zapewnia maksymalne wsparcie dla&hellip;&nbsp;<a href=\"https:\/\/sklep.superfeet.pl\/index.php\/pobierz\/\" rel=\"bookmark\">Dowiedz si\u0119 wi\u0119cej &raquo;<span class=\"screen-reader-text\">Jak dobra\u0107 i przyci\u0105\u0107 wk\u0142adki<\/span><\/a><\/p>\n","protected":false},"author":2,"featured_media":0,"parent":0,"menu_order":0,"comment_status":"closed","ping_status":"closed","template":"","meta":{"neve_meta_sidebar":"full-width","neve_meta_container":"","neve_meta_enable_content_width":"on","neve_meta_content_width":100,"neve_meta_title_alignment":"","neve_meta_author_avatar":"","neve_post_elements_order":"","neve_meta_disable_header":"","neve_meta_disable_footer":"","neve_meta_disable_title":"","footnotes":""},"class_list":["post-564","page","type-page","status-publish","hentry"],"_links":{"self":[{"href":"https:\/\/sklep.superfeet.pl\/index.php\/wp-json\/wp\/v2\/pages\/564","targetHints":{"allow":["GET"]}}],"collection":[{"href":"https:\/\/sklep.superfeet.pl\/index.php\/wp-json\/wp\/v2\/pages"}],"about":[{"href":"https:\/\/sklep.superfeet.pl\/index.php\/wp-json\/wp\/v2\/types\/page"}],"author":[{"embeddable":true,"href":"https:\/\/sklep.superfeet.pl\/index.php\/wp-json\/wp\/v2\/users\/2"}],"replies":[{"embeddable":true,"href":"https:\/\/sklep.superfeet.pl\/index.php\/wp-json\/wp\/v2\/comments?post=564"}],"version-history":[{"count":33,"href":"https:\/\/sklep.superfeet.pl\/index.php\/wp-json\/wp\/v2\/pages\/564\/revisions"}],"predecessor-version":[{"id":653,"href":"https:\/\/sklep.superfeet.pl\/index.php\/wp-json\/wp\/v2\/pages\/564\/revisions\/653"}],"wp:attachment":[{"href":"https:\/\/sklep.superfeet.pl\/index.php\/wp-json\/wp\/v2\/media?parent=564"}],"curies":[{"name":"wp","href":"https:\/\/api.w.org\/{rel}","templated":true}]}}