{"id":473,"date":"2020-12-01T14:20:01","date_gmt":"2020-12-01T12:20:01","guid":{"rendered":"https:\/\/sklep.superfeet.pl\/?page_id=473"},"modified":"2020-12-01T14:27:47","modified_gmt":"2020-12-01T12:27:47","slug":"regulamin","status":"publish","type":"page","link":"https:\/\/sklep.superfeet.pl\/index.php\/regulamin\/","title":{"rendered":"Regulamin"},"content":{"rendered":"\n<h2 class=\"wp-block-heading\">REGULAMIN SKLEPU INTERNETOWEGO<\/h2>\n\n\n\n<h3 class=\"wp-block-heading\">I. Definicje<\/h3>\n\n\n\n<p>U\u017cyte w Regulaminie poj\u0119cia oznaczaj\u0105:<\/p>\n\n\n\n<p>1. Klient \u2013 osoba fizyczna, osoba prawna lub jednostka organizacyjna nie b\u0119d\u0105c\u0105 osob\u0105 prawn\u0105, kt\u00f3rej przepisy szczeg\u00f3lne przyznaj\u0105 zdolno\u015b\u0107 prawn\u0105, kt\u00f3ra dokonuje Zam\u00f3wienia w ramach Sklepu;<br>2. Kodeks Cywilny \u2013 ustawa z dnia 23 kwietnia 1964 r. (Dz.U. Nr 16, poz. 93 ze zm.);<br>3. Regulamin \u2013 niniejszy Regulamin \u015bwiadczenia us\u0142ug drog\u0105 elektroniczn\u0105 w ramach sklepu internetowego sklep.superfeet.pl;<br>4. Sklep internetowy (Sklep) \u2013 serwis internetowy dost\u0119pny pod adresem http:\/\/supersklep.pl\/, za po\u015brednictwem kt\u00f3rego Klient mo\u017ce w szczeg\u00f3lno\u015bci sk\u0142ada\u0107 Zam\u00f3wienia;<br>5. Towar \u2013 produkty prezentowane w Sklepie Internetowym;<br>6. Umowa sprzeda\u017cy \u2013 umowa sprzeda\u017cy Towar\u00f3w w rozumieniu Kodeksu Cywilnego, zawarta pomi\u0119dzy GRUPA SZAFRA\u0143SKI S.C. M. Szafra\u0144ski E. Szafra\u0144ska a Klientem, zawierana z wykorzystaniem serwisu internetowego Sklepu;<br>7. Ustawa o prawach konsumenta \u2013 ustawa z dnia 30 maja 2014 r. o prawach konsumenta (Dz.U. z 2014 r. poz. 827);<br>8. Ustawa o \u015bwiadczeniu us\u0142ug drog\u0105 elektroniczn\u0105 \u2013 ustawa z dnia 18 lipca 2002 r. o \u015bwiadczeniu us\u0142ug drog\u0105 elektroniczn\u0105 (Dz. U. Nr 144, poz. 1204 ze zm.);<br>9. Zam\u00f3wienie \u2013 o\u015bwiadczenie woli Klienta, zmierzaj\u0105ce bezpo\u015brednio do zawarcia Umowy sprzeda\u017cy, okre\u015blaj\u0105ce w szczeg\u00f3lno\u015bci rodzaj i liczb\u0119 Towaru.<\/p>\n\n\n\n<h3 class=\"wp-block-heading\">II. Postanowienia og\u00f3lne<\/h3>\n\n\n\n<p>1. Niniejszy Regulamin okre\u015bla zasady korzystania ze sklepu internetowego dost\u0119pnego pod adresem http:\/\/sklep.superfeet.pl\/.<br>2. Niniejszy Regulamin jest regulaminem, o kt\u00f3rym mowa w art. 8 Ustawy o \u015bwiadczeniu us\u0142ug drog\u0105 elektroniczn\u0105.<br>3. Sklep internetowy sklep.superfeet.pl, dzia\u0142aj\u0105cy pod adresem http:\/\/sklep.superfeet.pl\/, prowadzony jest przez GRUPA SZAFRA\u0143SKI S.C. Marcin Szafra\u0144ski Ewa Szafra\u0144ska, Al. Gen. W\u0142. Andersa 4, 43-300 Bielsko-Bia\u0142a NIP: 547-19-76-513, REGON: 072860583, CEIDG 5<br>4. Niniejszy Regulamin okre\u015bla w szczeg\u00f3lno\u015bci:<br>&#8211; zasady dokonywania rejestracji i korzystania z konta w ramach sklepu internetowego;<br>&#8211; warunki i zasady sk\u0142adania drog\u0105 elektroniczn\u0105 Zam\u00f3wie\u0144 w ramach sklepu internetowego;<br>&#8211; zasady zawierania Um\u00f3w sprzeda\u017cy z wykorzystaniem us\u0142ug \u015bwiadczonych w ramach Sklepu Internetowego.<br>5. Korzystanie ze sklepu internetowego jest mo\u017cliwe pod warunkiem spe\u0142nienia przez system teleinformatyczny, z kt\u00f3rego korzysta Klient, nast\u0119puj\u0105cych minimalnych wymaga\u0144 technicznych: urz\u0105dzenie z dost\u0119pem do internetu<br>6. W celu korzystania ze sklepu internetowego Klient powinien we w\u0142asnym zakresie uzyska\u0107 dost\u0119p do stanowiska komputerowego lub urz\u0105dzenia ko\u0144cowego, z dost\u0119pem do Internetu.<br>7. Zgodnie z obowi\u0105zuj\u0105cymi przepisami prawa sklep.superfeet.pl zastrzega sobie mo\u017cliwo\u015b\u0107 ograniczenia \u015bwiadczenia us\u0142ug za po\u015brednictwem Sklepu internetowego do os\u00f3b, kt\u00f3re uko\u0144czy\u0142y wiek 18 lat. W takim przypadku potencjalni Klienci zostan\u0105 o powy\u017cszym powiadomieni.<br>8. Klienci mog\u0105 uzyska\u0107 dost\u0119p do niniejszego Regulaminu w ka\u017cdym czasie za po\u015brednictwem odsy\u0142acza zamieszczonego na stronie g\u0142\u00f3wnej serwisu http:\/\/sklep.superfeet.pl oraz pobra\u0107 go i sporz\u0105dzi\u0107 jego wydruk.<\/p>\n\n\n\n<h3 class=\"wp-block-heading\">III. Zasady korzystania ze Sklepu Internetowego<\/h3>\n\n\n\n<p>1. Rejestracja w ramach Sklepu internetowego jest opcjonalna. Klient mo\u017ce z\u0142o\u017cy\u0107 zam\u00f3wienie bez dokonania rejestracji w Sklepie, po zapoznaniu si\u0119 z niniejszym Regulaminem i jego akceptacji.<br>Rejestracja nast\u0119puje poprzez wype\u0142nienie i zaakceptowanie formularza rejestracyjnego, udost\u0119pnianego na jednej ze stron Sklepu<br>Warunkiem rejestracji jest wyra\u017cenie zgody na tre\u015b\u0107 Regulaminu oraz podanie danych osobowych oznaczonych jako obowi\u0105zkowe.<br>sklep.superfeet.pl mo\u017ce pozbawi\u0107 Klienta prawa do korzystania ze Sklepu Internetowego, jak r\u00f3wnie\u017c mo\u017ce ograniczy\u0107 jego dost\u0119p do cz\u0119\u015bci lub ca\u0142o\u015bci zasob\u00f3w Sklepu Internetowego, ze skutkiem natychmiastowym, w przypadku naruszenia przez Klienta Regulaminu, a w szczeg\u00f3lno\u015bci, gdy Klient:<br>&#8211; poda\u0142 w trakcie rejestracji w sklepie internetowym dane niezgodne z prawd\u0105, niedok\u0142adne lub nieaktualne, wprowadzaj\u0105ce w b\u0142\u0105d lub naruszaj\u0105ce prawa os\u00f3b trzecich,<br>&#8211; dopu\u015bci\u0142 si\u0119 za po\u015brednictwem sklepu internetowego naruszenia d\u00f3br osobistych os\u00f3b trzecich, w szczeg\u00f3lno\u015bci d\u00f3br osobistych innych klient\u00f3w sklepu internetowego,<br>&#8211; dopu\u015bci si\u0119 innych zachowa\u0144, kt\u00f3re zostan\u0105 uznane przez sklep.superfeet.pl za zachowania niezgodne z obowi\u0105zuj\u0105cymi przepisami prawa lub og\u00f3lnymi zasadami korzystania z sieci Internet lub godz\u0105ce w dobre imi\u0119sklep.superfeet.pl.<br>Osoba, kt\u00f3ra zosta\u0142a pozbawiona prawa do korzystania ze sklepu internetowego, nie mo\u017ce dokona\u0107 powt\u00f3rnej rejestracji bez uprzedniej zgody sklep.superfeet.pl<\/p>\n\n\n\n<p>2. W celu zapewnienia bezpiecze\u0144stwa przekazu komunikat\u00f3w i danych w zwi\u0105zku ze \u015bwiadczonymi w ramach Witryny us\u0142ugami, Sklep internetowy podejmuje \u015brodki techniczne i organizacyjne odpowiednie do stopnia zagro\u017cenia bezpiecze\u0144stwa \u015bwiadczonych us\u0142ug, w szczeg\u00f3lno\u015bci \u015brodki s\u0142u\u017c\u0105ce zapobieganiu pozyskiwania i modyfikacji przez osoby nieuprawnione danych osobowych przesy\u0142anych w Internecie.<\/p>\n\n\n\n<p>3. Klient zobowi\u0105zany jest w szczeg\u00f3lno\u015bci do:<br>&#8211; niedostarczania i nieprzekazywania tre\u015bci zabronionych przez przepisy prawa, np. tre\u015bci propaguj\u0105cych przemoc, znies\u0142awiaj\u0105cych lub naruszaj\u0105cych dobra osobiste i inne prawa os\u00f3b trzecich,<br>&#8211; korzystania ze Sklepu internetowego w spos\u00f3b nie zak\u0142\u00f3caj\u0105cy jego funkcjonowania, w szczeg\u00f3lno\u015bci poprzez u\u017cycie okre\u015blonego oprogramowania lub urz\u0105dze\u0144,<br>&#8211; niepodejmowania dzia\u0142a\u0144 takich jak: rozsy\u0142anie lub umieszczanie w ramach Sklepu internetowego niezam\u00f3wionej informacji handlowej (spam),<br>&#8211; korzystania ze Sklepu internetowego w spos\u00f3b nieuci\u0105\u017cliwy dla innych klient\u00f3w oraz dla sklep.superfeet.pl<br>&#8211; korzystania z wszelkich tre\u015bci zamieszczonych w ramach Sklepu internetowego jedynie w zakresie w\u0142asnego u\u017cytku osobistego,<br>&#8211; korzystania ze Sklepu internetowego w spos\u00f3b zgodny z przepisami obowi\u0105zuj\u0105cego na terytorium Rzeczypospolitej Polskiej prawa, postanowieniami Regulaminu, a tak\u017ce z og\u00f3lnymi zasadami korzystania z sieci Internet.<\/p>\n\n\n\n<h3 class=\"wp-block-heading\">IV. Procedura zawarcia Umowy sprzeda\u017cy<\/h3>\n\n\n\n<p>1. W celu zawarcia Umowy sprzeda\u017cy za po\u015brednictwem Sklepu internetowego nale\u017cy wej\u015b\u0107 na stron\u0119 internetow\u0105 http:\/\/sklepsuperfeet.pl\/, dokona\u0107 wyboru, podejmuj\u0105c kolejne czynno\u015bci techniczne w oparciu o wy\u015bwietlane Klientowi komunikaty oraz informacje dost\u0119pne na stronie.<br>2. Wyb\u00f3r zamawianych Towar\u00f3w przez Klienta jest dokonywany poprzez ich dodanie do koszyka.<br>3. W trakcie sk\u0142adania Zam\u00f3wienia \u2013 do momentu naci\u015bni\u0119cia przycisku potwierdzaj\u0105cego z\u0142o\u017cenie Zam\u00f3wienia \u2013 Klient ma mo\u017cliwo\u015b\u0107 modyfikacji wprowadzonych danych oraz w zakresie wyboru Towaru. W tym celu nale\u017cy kierowa\u0107 si\u0119 wy\u015bwietlanymi Klientowi komunikatami oraz informacjami dost\u0119pnymi na stronie.<br>4. Po podaniu przez Klienta korzystaj\u0105cego ze Sklepu internetowego wszystkich niezb\u0119dnych danych, wy\u015bwietlone zostanie podsumowanie z\u0142o\u017conego Zam\u00f3wienia. Podsumowanie z\u0142o\u017conego Zam\u00f3wienia b\u0119dzie zawiera\u0107 m. in. opis wybranych towar\u00f3w lub us\u0142ug, \u0142\u0105cznej ceny oraz wszystkich innych koszt\u00f3w.<br>5. W celu wys\u0142ania Zam\u00f3wienia konieczne jest dokonanie akceptacji tre\u015bci Regulaminu, podanie danych osobowych oznaczonych jako obowi\u0105zkowe oraz naci\u015bni\u0119cie przycisku potwierdzaj\u0105cego z\u0142o\u017cenie Zam\u00f3wienia.<br>6. Informacje o Towarach podane na stronach internetowych Sklepu stanowi\u0105 ofert\u0119, w rozumieniu art. 66 Kodeksu Cywilnego. Wys\u0142anie przez Klienta Zam\u00f3wienia stanowi o\u015bwiadczenie woli zawarcia z sklep.superfeet.pl Umowy sprzeda\u017cy, zgodnie z tre\u015bci\u0105 Regulaminu.<br>Umow\u0119 traktuje si\u0119 za zawart\u0105 z momentem wp\u0142ywu Zam\u00f3wienia Klienta do systemu informatycznego Sklepu Internetowego, pod warunkiem zgodno\u015bci Zam\u00f3wienia z Regulaminem. Po zawarciu umowy, Klient otrzymuje wiadomo\u015b\u0107 e-mail zawieraj\u0105c\u0105 potwierdzenie wszystkich istotnych element\u00f3w Zam\u00f3wienia.<br>7. Umowa sprzeda\u017cy zawierana jest w j\u0119zyku polskim, o tre\u015bci zgodnej z Regulaminem.<\/p>\n\n\n\n<h3 class=\"wp-block-heading\">V. Dostawa<\/h3>\n\n\n\n<p>1. Dostawa Towar\u00f3w jest ograniczona do Unii Europejskiej z wyj\u0105tkiem kraj\u00f3w: Cypr, Malta, Portugalia, Chorwacja, i odbywa si\u0119 pod adres wskazany przez Klienta w trakcie sk\u0142adania Zam\u00f3wienia.<br>2. Dostawa zam\u00f3wionych Towar\u00f3w realizowana jest za po\u015brednictwem:<br>&#8211; Firmy kurierskiej<br>Istnieje mo\u017cliwo\u015b\u0107 odbioru zam\u00f3wionego towaru w naszym sklepie.<br>Koszty dostawy dost\u0119pne s\u0105 pod linkiem: <a href=\"https:\/\/sklep.superfeet.pl\/index.php\/wysylki-dostawy-czas-realizacji\/(otworzy si\u0119 w nowej zak\u0142adce)\" target=\"_blank\" rel=\"noreferrer noopener\">http:\/\/sklep.superfeet.pl\/wysylki-dostawy-czas-realizacji<\/a><br>3. Czas dostawy wynosi maksymalnie 2 dni robocze od nadania paczki.<\/p>\n\n\n\n<p>4. Klienci mog\u0105 uzyska\u0107 dost\u0119p do niniejszego Regulaminu w ka\u017cdym czasie za po\u015brednictwem odsy\u0142acza zamieszczonego na stronie g\u0142\u00f3wnej serwisu http:\/\/sklep.superfeet.pl\/ oraz pobra\u0107 go i sporz\u0105dzi\u0107 jego wydruk.<br>Utrwalenie, zabezpieczenie, udost\u0119pnienie oraz potwierdzenie Klientowi istotnych postanowie\u0144 Umowy sprzeda\u017cy Towar\u00f3w nast\u0119puje poprzez przes\u0142anie Klientowi na podany adres e-mail oraz poprzez do\u0142\u0105czenie do przesy\u0142ki zawieraj\u0105cej Towar wydruku potwierdzenia, specyfikacji Zam\u00f3wienia oraz faktury VAT.<\/p>\n\n\n\n<h3 class=\"wp-block-heading\">VI. Ceny i metody p\u0142atno\u015bci<\/h3>\n\n\n\n<p>1. Ceny Towar\u00f3w podawane s\u0105 w polskich z\u0142otych i zawieraj\u0105 wszystkie sk\u0142adniki, w tym podatek VAT (z wyr\u00f3\u017cnieniem wysoko\u015bci stawki), c\u0142a oraz wszelkie inne sk\u0142adniki.<br>2. Klient ma mo\u017cliwo\u015b\u0107 uiszczenia ceny:<br>&#8211; p\u0142atno\u015bci\u0105 on-line w systemie P\u0142atno\u015bci24<br>&#8211; kart\u0105 kredytow\u0105 &#8211; przy odbiorze zam\u00f3wienia w sklepie stacjonarnym<br>&#8211; got\u00f3wk\u0105 &#8211; przy odbiorze zam\u00f3wienia w sklepie stacjonarnym<br>&#8211; przelewem tradycyjnym<br>&#8211; za pobraniem. Koszty dostawy dost\u0119pne s\u0105 pod linkiem: <a href=\"https:\/\/sklep.superfeet.pl\/index.php\/wysylki-dostawy-czas-realizacji\/(otworzy si\u0119 w nowej zak\u0142adce)\" data-type=\"URL\" data-id=\"https:\/\/sklep.superfeet.pl\/index.php\/wysylki-dostawy-czas-realizacji\/(otworzy si\u0119 w nowej zak\u0142adce)\" target=\"_blank\" rel=\"noreferrer noopener\">http:\/\/sklep.superfeet.pl\/wysylki-dostawy-czas-realizacji<\/a><\/p>\n\n\n\n<h3 class=\"wp-block-heading\">VII. Prawo odst\u0105pienia od umowy<\/h3>\n\n\n\n<p>Informacje o prawie odst\u0105pienia od umowy i reklamacjach dost\u0119pne s\u0105 pod linkiem: <a href=\"http:\/\/supersklep.pl\/zwroty-reklamacje\" target=\"_blank\" rel=\"noreferrer noopener\">http:\/\/sklep.superfeet.pl\/zwroty-reklamacje<\/a><\/p>\n\n\n\n<h3 class=\"wp-block-heading\">VIII. Reklamacje dotycz\u0105ce Towar\u00f3w<\/h3>\n\n\n\n<p>1. sklep.superfeet.pl jako sprzedawca odpowiada wobec Klienta b\u0119d\u0105cego konsumentem w rozumieniu art. 22[1] Kodeksu Cywilnego, z tytu\u0142u r\u0119kojmi za wady w zakresie okre\u015blonym w Kodeksie Cywilnym, w szczeg\u00f3lno\u015bci w art. 556 oraz art. 556[1]-556[3] Kodeksu Cywilnego.<br>2. Reklamacje, wynikaj\u0105ce z naruszenia praw Klienta gwarantowanych prawnie, lub na podstawie niniejszego Regulaminu, nale\u017cy kierowa\u0107 na adres: <strong>GRUPA SZAFRA\u0143SKI S.C., ul. Andersa 4, 43-300 Bielsko-Bia\u0142a<\/strong>, info@superfeet.pl. sklep.superfeet.pl zobowi\u0105zuje si\u0119 do rozpatrzenia ka\u017cdej reklamacji w terminie do 14 dni, a gdyby to nie by\u0142o mo\u017cliwe, do poinformowania w tym okresie Klienta, kiedy reklamacja zostanie rozpatrzona.<br>sklep.superfeet.pl nie jest producentem Towar\u00f3w. sklep.superfeet.pl nie ponosi odpowiedzialno\u015b\u0107 z tytu\u0142u gwarancji sprzedanego Towaru. Producent mo\u017ce ponosi\u0107 odpowiedzialno\u015b\u0107 z tytu\u0142u gwarancji sprzedanego Towaru na warunkach oraz przez okres wskazany w karcie gwarancyjnej. Je\u015bli dokument gwarancyjny przewiduje tak\u0105 mo\u017cliwo\u015b\u0107, Klient mo\u017ce zg\u0142asza\u0107 swoje roszczenia w ramach gwarancji bezpo\u015brednio w autoryzowanym serwisie, kt\u00f3rego adres znajduje si\u0119 w karcie gwarancyjnej.<\/p>\n\n\n\n<h3 class=\"wp-block-heading\">IX. Reklamacje w zakresie \u015bwiadczenia us\u0142ug drog\u0105 elektroniczn\u0105<\/h3>\n\n\n\n<p>1. sklep.superfeet.pl podejmuje dzia\u0142ania w celu zapewnienia w pe\u0142ni poprawnego dzia\u0142ania Sklepu, w takim zakresie, jaki wynika z aktualnej wiedzy technicznej i zobowi\u0105zuje si\u0119 usun\u0105\u0107 w rozs\u0105dnym terminie wszelkie nieprawid\u0142owo\u015bci zg\u0142oszone przez Klient\u00f3w.<br>2. Klient zobowi\u0105zany jest niezw\u0142ocznie powiadomi\u0107 sklep.superfeet.pl o wszelkich nieprawid\u0142owo\u015bciach lub przerwach w funkcjonowaniu serwisu Sklepu Internetowego.<br>3. Nieprawid\u0142owo\u015bci zwi\u0105zane z funkcjonowaniem Sklepu Klient mo\u017ce zg\u0142asza\u0107 pisemnie na adres: GRUPA SZAFRA\u0143SKI S.C., ul. Andersa 4, 43-300 Bielsko-Bia\u0142a, info@superfeet.pl.<br>4. W reklamacji Klient powinien poda\u0107 swoje imi\u0119 i nazwisko, adres do korespondencji, rodzaj i dat\u0119 wyst\u0105pienia nieprawid\u0142owo\u015bci zwi\u0105zanej z funkcjonowaniem Sklepu.<br>5. sklep.superfeet.p zobowi\u0105zuje si\u0119 do rozpatrzenia ka\u017cdej reklamacji w terminie do 14 dni, a gdyby to nie by\u0142o mo\u017cliwe, do poinformowania w tym okresie Klienta, kiedy reklamacja zostanie rozpatrzona.<\/p>\n\n\n\n<h3 class=\"wp-block-heading\">X. Postanowienia ko\u0144cowe<\/h3>\n\n\n\n<p>1. Rozstrzyganie ewentualnych spor\u00f3w powsta\u0142ych pomi\u0119dzy sklep.superfeet.pl a Klientem, kt\u00f3ry jest konsumentem w rozumieniu art. 22[1] Kodeksu Cywilnego, zostaje poddane s\u0105dom w\u0142a\u015bciwym zgodnie z postanowieniami w\u0142a\u015bciwych przepis\u00f3w Kodeksu post\u0119powania cywilnego.<br>2. Rozstrzyganie ewentualnych spor\u00f3w powsta\u0142ych pomi\u0119dzy sklep.superfeet.pl a Klientem, kt\u00f3ry nie jest konsumentem w rozumieniu art. 22[1] Kodeksu Cywilnego Kodeksu Cywilnego, zostaje poddane s\u0105dowi w\u0142a\u015bciwemu ze wzgl\u0119du na siedzib\u0119 sklep.superfeet.pl<br>3. W sprawach nieuregulowanych w niniejszym Regulaminie maj\u0105 zastosowanie przepisy Kodeksu cywilnego, przepisy Ustawy o \u015bwiadczeniu us\u0142ug drog\u0105 elektroniczn\u0105 oraz inne w\u0142a\u015bciwe przepisy prawa polskiego.<br>4. Komisja Europejska udost\u0119pnia pod adresem <a href=\"http:\/\/ec.europa.eu\/consumers\/odr\/\">http:\/\/ec.europa.eu\/consumers\/odr\/<\/a> platform\u0119 do pozas\u0105dowego rozstrzygania spor\u00f3w (tzw. platforma ODR). Nie chcemy i nie mamy obowi\u0105zku uczestnictwa w procedurze rozstrzygania spor\u00f3w przed komisj\u0105 arbitra\u017cow\u0105 konsument\u00f3w.<\/p>\n","protected":false},"excerpt":{"rendered":"<p>REGULAMIN SKLEPU INTERNETOWEGO I. Definicje U\u017cyte w Regulaminie poj\u0119cia oznaczaj\u0105: 1. Klient \u2013 osoba fizyczna, osoba prawna lub jednostka organizacyjna nie b\u0119d\u0105c\u0105 osob\u0105 prawn\u0105, kt\u00f3rej przepisy szczeg\u00f3lne przyznaj\u0105 zdolno\u015b\u0107 prawn\u0105, kt\u00f3ra dokonuje Zam\u00f3wienia w ramach Sklepu;2. Kodeks Cywilny \u2013 ustawa z dnia 23 kwietnia 1964 r. (Dz.U. Nr 16, poz. 93 ze zm.);3. Regulamin \u2013&hellip;&nbsp;<a href=\"https:\/\/sklep.superfeet.pl\/index.php\/regulamin\/\" rel=\"bookmark\">Dowiedz si\u0119 wi\u0119cej &raquo;<span class=\"screen-reader-text\">Regulamin<\/span><\/a><\/p>\n","protected":false},"author":2,"featured_media":0,"parent":0,"menu_order":0,"comment_status":"closed","ping_status":"closed","template":"","meta":{"neve_meta_sidebar":"full-width","neve_meta_container":"","neve_meta_enable_content_width":"on","neve_meta_content_width":100,"neve_meta_title_alignment":"","neve_meta_author_avatar":"","neve_post_elements_order":"","neve_meta_disable_header":"","neve_meta_disable_footer":"","neve_meta_disable_title":"","footnotes":""},"class_list":["post-473","page","type-page","status-publish","hentry"],"_links":{"self":[{"href":"https:\/\/sklep.superfeet.pl\/index.php\/wp-json\/wp\/v2\/pages\/473","targetHints":{"allow":["GET"]}}],"collection":[{"href":"https:\/\/sklep.superfeet.pl\/index.php\/wp-json\/wp\/v2\/pages"}],"about":[{"href":"https:\/\/sklep.superfeet.pl\/index.php\/wp-json\/wp\/v2\/types\/page"}],"author":[{"embeddable":true,"href":"https:\/\/sklep.superfeet.pl\/index.php\/wp-json\/wp\/v2\/users\/2"}],"replies":[{"embeddable":true,"href":"https:\/\/sklep.superfeet.pl\/index.php\/wp-json\/wp\/v2\/comments?post=473"}],"version-history":[{"count":2,"href":"https:\/\/sklep.superfeet.pl\/index.php\/wp-json\/wp\/v2\/pages\/473\/revisions"}],"predecessor-version":[{"id":476,"href":"https:\/\/sklep.superfeet.pl\/index.php\/wp-json\/wp\/v2\/pages\/473\/revisions\/476"}],"wp:attachment":[{"href":"https:\/\/sklep.superfeet.pl\/index.php\/wp-json\/wp\/v2\/media?parent=473"}],"curies":[{"name":"wp","href":"https:\/\/api.w.org\/{rel}","templated":true}]}}