{"id":457,"date":"2020-12-01T12:47:27","date_gmt":"2020-12-01T10:47:27","guid":{"rendered":"https:\/\/sklep.superfeet.pl\/?page_id=457"},"modified":"2020-12-16T00:18:47","modified_gmt":"2020-12-15T22:18:47","slug":"zwroty-reklamacje","status":"publish","type":"page","link":"https:\/\/sklep.superfeet.pl\/index.php\/zwroty-reklamacje\/","title":{"rendered":"Zwroty, reklamacje"},"content":{"rendered":"\n<p><\/p>\n\n\n\n<h3 class=\"has-text-align-center wp-block-heading\"><strong>PRAWO ODST\u0104PIENIA OD UMOWY \/ ZWROT TOWARU<\/strong><\/h3>\n\n\n\n<p>Jak zwr\u00f3ci\u0107 kupione produkty?<\/p>\n\n\n\n<p>Je\u015bli zakupione wk\u0142adki nie spe\u0142ni\u0142y o Twoich oczekiwa\u0144 lub s\u0105 podstawy do ich reklamowania to mo\u017cesz je w \u0142atwy spos\u00f3b zwr\u00f3ci\u0107.<br>Zgodnie z polityk\u0105 Superfeet na ca\u0142ym \u015bwiecie <strong>CZAS NA ZWROT TO 60 DNI <\/strong>od daty zakupu, bez podania powodu.<\/p>\n\n\n\n<p>Poni\u017cej znajdziesz informacje, jak dokona\u0107 zwrotu towaru. Post\u0119puj wed\u0142ug instrukcji, aby przebiega\u0142 on mo\u017cliwie najszybciej i bez zb\u0119dnych komplikacji.<\/p>\n\n\n\n<p><strong>1. Wype\u0142nij formularz zwrotu\/reklamacji<\/strong><\/p>\n\n\n\n<p>Pobierz i wype\u0142nij FORMULARZ ZWROTU TOWARU. Uzupe\u0142niony dokument wraz z orygina\u0142em dowodu zakupu do\u0142\u0105cz do odsy\u0142anej paczki.<br>Dla Twojej wygody wprowadzili\u015bmy r\u00f3wnie\u017c mo\u017cliwo\u015b\u0107 odes\u0142ania do nas samodzielnie napisanego o\u015bwiadczenia odst\u0105pienia od umowy wraz z numerem konta, na kt\u00f3re mamy dokona\u0107 zwrotu.<\/p>\n\n\n\n<p><span class=\"has-inline-color has-neve-button-color-color\"><strong>\u00a0<\/strong><\/span><a rel=\"noreferrer noopener\" href=\"https:\/\/sklep.superfeet.pl\/wp-content\/uploads\/2020\/12\/formularz-zwrotu.pdf\" target=\"_blank\"><img loading=\"lazy\" decoding=\"async\" width=\"30\" height=\"30\" class=\"wp-image-466\" style=\"width: 30px;\" src=\"https:\/\/sklep.superfeet.pl\/wp-content\/uploads\/2020\/12\/pdf.png\" alt=\"\" srcset=\"https:\/\/sklep.superfeet.pl\/wp-content\/uploads\/2020\/12\/pdf.png 512w, https:\/\/sklep.superfeet.pl\/wp-content\/uploads\/2020\/12\/pdf-300x300.png 300w, https:\/\/sklep.superfeet.pl\/wp-content\/uploads\/2020\/12\/pdf-150x150.png 150w, https:\/\/sklep.superfeet.pl\/wp-content\/uploads\/2020\/12\/pdf-100x100.png 100w\" sizes=\"auto, (max-width: 30px) 100vw, 30px\" \/>   <\/a><span class=\"has-inline-color has-neve-button-color-color\"><strong><a rel=\"noreferrer noopener\" href=\"https:\/\/sklep.superfeet.pl\/wp-content\/uploads\/2020\/12\/formularz-zwrotu.pdf\" target=\"_blank\"> >> Pobierz formularz zwrotu towaru &lt;&lt;<\/a><\/strong><\/span><\/p>\n\n\n\n<p><strong>2. Zapakuj i wy\u015blij paczk\u0119:<\/strong><\/p>\n\n\n\n<p>Dobrze zabezpiecz paczk\u0119. Przesy\u0142k\u0119 nadaj na poczcie lub wy\u015blij dowoln\u0105 firm\u0105 kuriersk\u0105. Koszty przesy\u0142ki pokrywasz Ty. Sugerujemy wys\u0142a\u0107 paczk\u0119 rejestrowan\u0105 z podanym numerem do \u015bledzenia przesy\u0142ki &#8211; w ten spos\u00f3b b\u0119dziesz m\u00f3g\u0142 sprawdzi\u0107, czy i kiedy paczka zosta\u0142a do nas dor\u0119czona.<br><br>Adres do Zwrot\u00f3w:<\/p>\n\n\n\n<p><strong>SUPERFEET<br>Grupa Szafra\u0144ski S.C.<br>ul. Andersa 4<br>43-300 Bielsko-Bia\u0142a<\/strong><\/p>\n\n\n\n<p>Nie odbieramy przesy\u0142ek nadanych za pobraniem, b\u0105d\u017a nadanych do paczkomat\u00f3w.<\/p>\n\n\n\n<p>Po zatwierdzeniu zwrotu, otrzymasz zwrot pieni\u0119dzy<\/p>\n\n\n\n<p><strong><br>3. Zwrot pieni\u0119dzy<\/strong><\/p>\n\n\n\n<p>Gdy tylko otrzymamy Twoj\u0105 przesy\u0142k\u0119 i rozpatrzymy zwrot, zwr\u00f3cimy Ci pieni\u0105dze. Zwrot \u015brodk\u00f3w mo\u017ce trwa\u0107 maksymalnie do 14 dni, lecz zwykle odbywa si\u0119 to w przeci\u0105gu paru dni po otrzymaniu przez nas przesy\u0142ki.<br>W przypadku gdy p\u0142aci\u0142e\u015b przelewem lub za pobraniem, pieni\u0105dze zwr\u00f3cimy Ci na konto bankowe, kt\u00f3rego numer nale\u017cy poda\u0107 w formularzu zwrotu.<\/p>\n\n\n\n<hr class=\"wp-block-separator\"\/>\n\n\n\n<h3 class=\"has-text-align-center wp-block-heading\"><strong>REKLAMACJE<\/strong><\/h3>\n\n\n\n<p>W sklepie oferujemy tylko oryginalne produkty firmy Superfeet. Sprzedajemy artyku\u0142y fabrycznie nowe, w oryginalnych opakowaniach.<\/p>\n\n\n\n<p><strong>Je\u015bli chcesz z\u0142o\u017cy\u0107 reklamacj\u0119:<\/strong><\/p>\n\n\n\n<ol class=\"wp-block-list\"><li>Przygotuj pisemne o\u015bwiadczenie z podaniem imienia, nazwiska, adresu, numerem zam\u00f3wienia, dok\u0142adnym opisem wady oraz \u017c\u0105daniem reklamacyjnym. Aby u\u0142atwi\u0107 Ci poprawne z\u0142o\u017cenie reklamacji zach\u0119camy do skorzystania z przygotowanego przez nas formularza reklamacji towaru:<\/li><\/ol>\n\n\n\n<p><a rel=\"noreferrer noopener\" href=\"https:\/\/sklep.superfeet.pl\/wp-content\/uploads\/2020\/12\/Zwrot-towaru.pdf\" target=\"_blank\"><img loading=\"lazy\" decoding=\"async\" width=\"30\" height=\"30\" class=\"wp-image-466\" style=\"width: 30px;\" src=\"https:\/\/sklep.superfeet.pl\/wp-content\/uploads\/2020\/12\/pdf.png\" alt=\"\" srcset=\"https:\/\/sklep.superfeet.pl\/wp-content\/uploads\/2020\/12\/pdf.png 512w, https:\/\/sklep.superfeet.pl\/wp-content\/uploads\/2020\/12\/pdf-300x300.png 300w, https:\/\/sklep.superfeet.pl\/wp-content\/uploads\/2020\/12\/pdf-150x150.png 150w, https:\/\/sklep.superfeet.pl\/wp-content\/uploads\/2020\/12\/pdf-100x100.png 100w\" sizes=\"auto, (max-width: 30px) 100vw, 30px\" \/>   <u><strong>>> Pobierz formularz reklamacji towaru &lt;&lt;<\/strong><\/u><\/a><\/p>\n\n\n\n<p>2. Wy\u015blij reklamowany produkt razem z pisemnym o\u015bwiadczeniem lub uzupe\u0142nionym formularzem reklamacyjnym na adres:<\/p>\n\n\n\n<p><strong>SUPERFEET<br>Grupa Szafra\u0144ski S.C.<br>ul. Andersa 4<br>43-300 Bielsko-Bia\u0142a<\/strong><\/p>\n\n\n\n<p>W przypadku pyta\u0144 dotycz\u0105cych reklamacji towaru prosimy o kontakt:<\/p>\n\n\n\n<p>E-mail:&nbsp;info@superfeet.pl<br>tel.:&nbsp;33 4862 666<\/p>\n\n\n\n<p>Reklamacja zostanie rozpatrzona w terminie 14 dni od daty otrzymania reklamowanego produktu zgodnie z obowi\u0105zuj\u0105cymi przepisami prawa w zakresie r\u0119kojmi (w szczeg\u00f3lno\u015bci Kodeks cywilny art. 556-576).<\/p>\n\n\n\n<p><strong>UWAGA:  Nie odbieramy paczek nadanych za pobraniem.<\/strong><\/p>\n","protected":false},"excerpt":{"rendered":"<p>PRAWO ODST\u0104PIENIA OD UMOWY \/ ZWROT TOWARU Jak zwr\u00f3ci\u0107 kupione produkty? Je\u015bli zakupione wk\u0142adki nie spe\u0142ni\u0142y o Twoich oczekiwa\u0144 lub s\u0105 podstawy do ich reklamowania to mo\u017cesz je w \u0142atwy spos\u00f3b zwr\u00f3ci\u0107.Zgodnie z polityk\u0105 Superfeet na ca\u0142ym \u015bwiecie CZAS NA ZWROT TO 60 DNI od daty zakupu, bez podania powodu. Poni\u017cej znajdziesz informacje, jak dokona\u0107&hellip;&nbsp;<a href=\"https:\/\/sklep.superfeet.pl\/index.php\/zwroty-reklamacje\/\" rel=\"bookmark\">Dowiedz si\u0119 wi\u0119cej &raquo;<span class=\"screen-reader-text\">Zwroty, reklamacje<\/span><\/a><\/p>\n","protected":false},"author":2,"featured_media":0,"parent":0,"menu_order":0,"comment_status":"closed","ping_status":"closed","template":"","meta":{"neve_meta_sidebar":"full-width","neve_meta_container":"","neve_meta_enable_content_width":"on","neve_meta_content_width":100,"neve_meta_title_alignment":"","neve_meta_author_avatar":"","neve_post_elements_order":"","neve_meta_disable_header":"","neve_meta_disable_footer":"","neve_meta_disable_title":"","footnotes":""},"class_list":["post-457","page","type-page","status-publish","hentry"],"_links":{"self":[{"href":"https:\/\/sklep.superfeet.pl\/index.php\/wp-json\/wp\/v2\/pages\/457","targetHints":{"allow":["GET"]}}],"collection":[{"href":"https:\/\/sklep.superfeet.pl\/index.php\/wp-json\/wp\/v2\/pages"}],"about":[{"href":"https:\/\/sklep.superfeet.pl\/index.php\/wp-json\/wp\/v2\/types\/page"}],"author":[{"embeddable":true,"href":"https:\/\/sklep.superfeet.pl\/index.php\/wp-json\/wp\/v2\/users\/2"}],"replies":[{"embeddable":true,"href":"https:\/\/sklep.superfeet.pl\/index.php\/wp-json\/wp\/v2\/comments?post=457"}],"version-history":[{"count":12,"href":"https:\/\/sklep.superfeet.pl\/index.php\/wp-json\/wp\/v2\/pages\/457\/revisions"}],"predecessor-version":[{"id":646,"href":"https:\/\/sklep.superfeet.pl\/index.php\/wp-json\/wp\/v2\/pages\/457\/revisions\/646"}],"wp:attachment":[{"href":"https:\/\/sklep.superfeet.pl\/index.php\/wp-json\/wp\/v2\/media?parent=457"}],"curies":[{"name":"wp","href":"https:\/\/api.w.org\/{rel}","templated":true}]}}