{"id":453,"date":"2020-12-01T12:28:22","date_gmt":"2020-12-01T10:28:22","guid":{"rendered":"https:\/\/sklep.superfeet.pl\/?page_id=453"},"modified":"2024-04-03T09:28:36","modified_gmt":"2024-04-03T07:28:36","slug":"wysylki-dostawy-czas-realizacji","status":"publish","type":"page","link":"https:\/\/sklep.superfeet.pl\/index.php\/wysylki-dostawy-czas-realizacji\/","title":{"rendered":"Wysy\u0142ki, dostawy, czas realizacji"},"content":{"rendered":"\n<p>Wysy\u0142k\u0119 realizujemy za po\u015brednictwem&nbsp;firmy kurierskiej DPD&nbsp;co gwarantuje szybk\u0105 i sprawn\u0105 dostaw\u0119 w terminie 1-2 dni od nadania oraz wysok\u0105 jako\u015b\u0107 us\u0142ug.<\/p>\n\n\n\n<p><strong>Na czas dostawy sk\u0142ada si\u0119:<\/strong><br>&#8211; czas realizacji: max. 24h<br>&#8211; czas dostarczenia przez przewo\u017anika (na og\u00f3\u0142 24h)<\/p>\n\n\n\n<p>Zam\u00f3wienia s\u0105 realizowane i dostarczane w dni robocze.<\/p>\n\n\n\n<p>Koszt wysy\u0142ki zam\u00f3wie\u0144:<br>&#8211; Paczka kurierska DHL :      20.00 z\u0142<\/p>\n\n\n\n<p>Do ka\u017cdego wys\u0142anego towaru do\u0142\u0105czamy Faktur\u0119 VAT, kt\u00f3ra jest dowodem zakupu.<br>W ka\u017cdej chwili mo\u017cesz wej\u015b\u0107 na swoje konto, aby zobaczy\u0107 co dzieje si\u0119 z Twoim zam\u00f3wieniem.<\/p>\n\n\n\n<p>\u017byczymy udanych zakup\u00f3w,<br>Zesp\u00f3\u0142 SUPERFEET<\/p>\n","protected":false},"excerpt":{"rendered":"<p>Wysy\u0142k\u0119 realizujemy za po\u015brednictwem&nbsp;firmy kurierskiej DPD&nbsp;co gwarantuje szybk\u0105 i sprawn\u0105 dostaw\u0119 w terminie 1-2 dni od nadania oraz wysok\u0105 jako\u015b\u0107 us\u0142ug. Na czas dostawy sk\u0142ada si\u0119:&#8211; czas realizacji: max. 24h&#8211; czas dostarczenia przez przewo\u017anika (na og\u00f3\u0142 24h) Zam\u00f3wienia s\u0105 realizowane i dostarczane w dni robocze. Koszt wysy\u0142ki zam\u00f3wie\u0144:&#8211; Paczka kurierska DHL : 20.00 z\u0142 Do&hellip;&nbsp;<a href=\"https:\/\/sklep.superfeet.pl\/index.php\/wysylki-dostawy-czas-realizacji\/\" rel=\"bookmark\">Dowiedz si\u0119 wi\u0119cej &raquo;<span class=\"screen-reader-text\">Wysy\u0142ki, dostawy, czas realizacji<\/span><\/a><\/p>\n","protected":false},"author":2,"featured_media":0,"parent":0,"menu_order":0,"comment_status":"closed","ping_status":"closed","template":"","meta":{"neve_meta_sidebar":"full-width","neve_meta_container":"","neve_meta_enable_content_width":"on","neve_meta_content_width":100,"neve_meta_title_alignment":"","neve_meta_author_avatar":"","neve_post_elements_order":"","neve_meta_disable_header":"","neve_meta_disable_footer":"","neve_meta_disable_title":"","footnotes":""},"class_list":["post-453","page","type-page","status-publish","hentry"],"_links":{"self":[{"href":"https:\/\/sklep.superfeet.pl\/index.php\/wp-json\/wp\/v2\/pages\/453","targetHints":{"allow":["GET"]}}],"collection":[{"href":"https:\/\/sklep.superfeet.pl\/index.php\/wp-json\/wp\/v2\/pages"}],"about":[{"href":"https:\/\/sklep.superfeet.pl\/index.php\/wp-json\/wp\/v2\/types\/page"}],"author":[{"embeddable":true,"href":"https:\/\/sklep.superfeet.pl\/index.php\/wp-json\/wp\/v2\/users\/2"}],"replies":[{"embeddable":true,"href":"https:\/\/sklep.superfeet.pl\/index.php\/wp-json\/wp\/v2\/comments?post=453"}],"version-history":[{"count":4,"href":"https:\/\/sklep.superfeet.pl\/index.php\/wp-json\/wp\/v2\/pages\/453\/revisions"}],"predecessor-version":[{"id":793,"href":"https:\/\/sklep.superfeet.pl\/index.php\/wp-json\/wp\/v2\/pages\/453\/revisions\/793"}],"wp:attachment":[{"href":"https:\/\/sklep.superfeet.pl\/index.php\/wp-json\/wp\/v2\/media?parent=453"}],"curies":[{"name":"wp","href":"https:\/\/api.w.org\/{rel}","templated":true}]}}