{"id":3,"date":"2020-11-13T13:45:30","date_gmt":"2020-11-13T11:45:30","guid":{"rendered":"http:\/\/www.sklep.superfeet.pl\/?page_id=3"},"modified":"2020-12-01T12:22:59","modified_gmt":"2020-12-01T10:22:59","slug":"privacy-policy","status":"publish","type":"page","link":"https:\/\/sklep.superfeet.pl\/index.php\/privacy-policy\/","title":{"rendered":"Polityka prywatno\u015bci"},"content":{"rendered":"\n<h2 class=\"wp-block-heading\">Kto jest administratorem moich danych osobowych?<\/h2>\n\n\n\n<p>Administratorem danych osobowych jest\u00a0<strong>GRUPA SZAFRA\u0143SKI S.C Marcin Szafra\u0144ski Ewa Szafra\u0144ska<\/strong>, NIP 547-19-76-513, REGON 072860583 z siedzib\u0105 pod adresem: Al. Gen W\u0142adys\u0142awa Andersa 4, 43-300 Bielsko-Bia\u0142a; wpisy do CEIDG: 52464, 52456<\/p>\n\n\n\n<h2 class=\"wp-block-heading\">Jakie dane osobowe przetwarza Administrator?<\/h2>\n\n\n\n<p><strong>GRUPA SZAFRA\u0143SKI S.C<\/strong>.\u00a0jako administrator danych osobowych (w zakresie prowadzenia sklepu internetowego\u00a0<span style=\"text-decoration: underline;\">https:\/\/sklep.superfeet.pl<\/span>) w rozumieniu RODO przetwarza w szczeg\u00f3lno\u015bci nast\u0119puj\u0105ce dane osobowe:<br>&#8211;\u00a0<strong>Dane osobowe klient\u00f3w sklepu internetowego<\/strong>\u00a0(imi\u0119, nazwisko, numer telefonu, adres e-mail, adres dostawy, kraj, informacje dotycz\u0105ce z\u0142o\u017conych zam\u00f3wie\u0144, data urodzenia)<br>&#8211;\u00a0<strong>Osoby przesy\u0142aj\u0105ce zapytania poprzez formularze kontaktowe, poczt\u0119 e-mail oraz telefonicznie\u00a0<\/strong>(podstawowe dane kontaktowe (imi\u0119, nazwisko, adres e-mail) podawane przez osoby w zwi\u0105zku z pytaniami przesy\u0142anymi do administratora)<br>&#8211;\u00a0<strong>Osoby, kt\u00f3re zapisa\u0142y si\u0119 do us\u0142ugi Newsletter\u00a0<\/strong>(adres e-mail, kt\u00f3re osoba podaje podczas zapisu do Newslettera)<br>*\u00a0 &#8211; Dane firm traktowane s\u0105 jako dane osobowe tylko i wy\u0142\u0105cznie w sytuacji, w kt\u00f3rej pozwalaj\u0105 na identyfikacj\u0119 os\u00f3b ich dotycz\u0105cych. Dane sp\u00f3\u0142ek kapita\u0142owych nie s\u0105 tratowane jak dane osobowe.<\/p>\n\n\n\n<h2 class=\"wp-block-heading\">Reklama behawioralna<\/h2>\n\n\n\n<p>Poza danymi opisanymi w powy\u017cszym akapicie\u00a0GRUPA SZAFRA\u0143SKI S.C.\u00a0przetwarza dane os\u00f3b odwiedzaj\u0105cych sklep internetowy\u00a0<span style=\"text-decoration: underline;\">www.sklep.superfeet.pl\u00a0<\/span>dla cel\u00f3w reklamy behawioralnej &#8211; wy\u015bwietlaniu u\u017cytkownikom reklam, kt\u00f3re s\u0105 dostosowane do ich preferencji (na podstawie art. 6 ust. 1 lit. f RODO \u2013 prawnie uzasadnionego interesu administratora danych jakim jest marketing bezpo\u015bredni \u2013 w przypadku udzielenia zgody na wykorzystywanie plik\u00f3w cookie). Proces ten szczeg\u00f3\u0142owo zosta\u0142 opisany w sekcji \u201eInformacje dotycz\u0105ce plik\u00f3w cookie\u201d poni\u017cej.<\/p>\n\n\n\n<h2 class=\"wp-block-heading\">Na jakich zasadach Administrator przetwarza moje dane osobowe?<\/h2>\n\n\n\n<p>Poni\u017cej zaprezentowano zasady przetwarzania Pa\u0144stwa danych osobowych (w szczeg\u00f3lno\u015bci wyja\u015bniono kto posiada do nich dost\u0119p, jak d\u0142ugo s\u0105 przechowywane oraz jakie s\u0105 podstawy ich przetwarzania).<\/p>\n\n\n\n<p><strong>Dane osobowe klient\u00f3w sklepu internetowego<\/strong><\/p>\n\n\n\n<p><strong>&#8211;\u00a0Cele i podstawy przetwarzania danych<\/strong>\u00a0Pa\u0144stwa dane osobowe b\u0119d\u0105 przetwarzane w nast\u0119puj\u0105cych calach (oraz na podstawie nast\u0119puj\u0105cych podstaw prawnych):<br><br>\u2022 Za\u0142o\u017cenia oraz obs\u0142ugi konta w sklepie internetowym sklep.superfeet.pl, w tym egzekwowania przepis\u00f3w Regulaminu (na podstawie art. 6 ust. 1 lit. b RODO \u2013 niezb\u0119dno\u015b\u0107 przetwarzania danych do wykonania umowy, kt\u00f3rej stron\u0105 jest osoba, kt\u00f3rej dane dotycz\u0105) (konto zostanie za\u0142o\u017cone tylko i wy\u0142\u0105cznie po wybraniu przez Pa\u0144stwa stosownej opcji)<br>\u2022 Realizacji zam\u00f3wie\u0144 z\u0142o\u017conych w sklepie internetowym sklep.superfeet.pl, w tym przesy\u0142ania informacji o statusie zam\u00f3wie\u0144 oraz realizacji ewentualnych zwrot\u00f3w i reklamacji (na podstawie art. 6 ust. 1 lit. b RODO \u2013 niezb\u0119dno\u015b\u0107 przetwarzania danych do wykonania umowy, kt\u00f3rej stron\u0105 jest osoba, kt\u00f3rej dane dotycz\u0105)<br>\u2022 reklamy kontekstowej &#8211; wy\u015bwietlaniu u\u017cytkownikom reklam, kt\u00f3re nie s\u0105 dostosowane do ich preferencji (na podstawie art. 6 ust. 1 lit. f RODO \u2013 prawnie uzasadnionego interesu administratora danych jakim jest marketing bezpo\u015bredni)<br>\u2022 reklamy behawioralnej &#8211; wy\u015bwietlaniu u\u017cytkownikom reklam, kt\u00f3re s\u0105 dostoswane do ich preferencji (na podstawie art. 6 ust. 1 lit. f RODO \u2013 prawnie uzasadnionego interesu administratora danych jakim jest marketing bezpo\u015bredni \u2013 w przypadku udzielenia zgody na wykorzystywanie plik\u00f3w cookie)<br>\u2022 marketingu bezpo\u015bredniego w\u0142asnych produkt\u00f3w lub us\u0142ug, w tym r\u00f3wnie\u017c za po\u015brednictwem poczty e-mail \/SMS (w przypadku wyra\u017cenia przez Pa\u0144stwa zgody na otrzymywanie informacji handlowych drog\u0105 elektroniczn\u0105) (na podstawie art. 6 ust. 1 lit. f RODO \u2013 prawnie uzasadnionego interesu administratora danych jakim jest marketing bezpo\u015bredni)<br>\u2022 w celu ewentualnego dochodzenia i egzekwowania roszcze\u0144 lub te\u017c obrony przed takimi roszczeniami (na podstawie art. 6 ust. 1 lit. f RODO \u2013 prawnie uzasadnionego interesu administratora danych jakim jest dochodzenie i obrona przed roszczeniami)<br>\u2022 w celu ewentualnego dochodzenia i egzekwowania roszcze\u0144 lub te\u017c obrony przed takimi roszczeniami (na podstawie art. 6 ust. 1 lit. f RODO \u2013 prawnie uzasadnionego interesu administratora danych jakim jest dochodzenie i obrona przed roszczeniami)<\/p>\n\n\n\n<p><strong>&#8211;<\/strong> <strong>Odbiorcy danych<\/strong>\u00a0Dane klient\u00f3w sklepu internetowego mog\u0105 by\u0107 udost\u0119pniane:<\/p>\n\n\n\n<p>\u2022 Podmiotom upowa\u017cnionym na podstawie przepis\u00f3w prawa.<br>\u2022 Operatorom p\u0142atno\u015bci internetowych<br>\u2022 Kurierom realizuj\u0105cym dostawy zam\u00f3wionych towar\u00f3w<br>\u2022 Dost\u0119p do danych na podstawie stosownych um\u00f3w mog\u0105 posiada\u0107 tak\u017ce dostawcy us\u0142ug IT przetwarzaj\u0105cy dane na zlecenie GRUPA SZAFRA\u0143SKI S.C. (w szczeg\u00f3lno\u015bci hostingodawca oraz firmy zapewniaj\u0105ce rozwi\u0105zania z zakresu masowej wysy\u0142ki wiadomo\u015bci e-mail).<\/p>\n\n\n\n<p>&#8211; Okres przechowywania danych klient\u00f3w sklepu internetowego Dane osobowe klient\u00f3w sklepu internetowego b\u0119d\u0105 przechowywane do czasu usuni\u0119cia konta w sklepie internetowym (w przypadku jego za\u0142o\u017cenia) oraz nast\u0119pnie przez okres wymagany przepisami prawa (w szczeg\u00f3lno\u015bci wynikaj\u0105cy z Ustawy o rachunkowo\u015bci). Dane osobowe klient\u00f3w dokonuj\u0105cych jednorazowych zakup\u00f3w b\u0119d\u0105 przechowywane przez okres wymagany obowi\u0105zuj\u0105cymi przepisami prawa (w szczeg\u00f3lno\u015bci wynikaj\u0105cy z Ustawy o rachunkowo\u015bci).<\/p>\n\n\n\n<p>&#8211; Podejmowanie decyzji w spos\u00f3b zautomatyzowany, w tym profilowanie W celu realizacji dzia\u0142a\u0144 opisanych powy\u017cej, GRUPA SZAFRA\u0143SKI S.C. wykorzystuje profilowanie, tj. wykorzystywanie wybranych czynnik\u00f3w osobowych do analizy preferencji tej\u017ce osoby (tj. w szczeg\u00f3lno\u015bci w celu wy\u015bwietlania reklam dostosowanych do preferencji U\u017cytkownik\u00f3w oraz personalizacji wysy\u0142anych newsletter\u00f3w na podstawie zachowania U\u017cytkownika na stronie sklepu internetowego). Szczeg\u00f3\u0142owe informacje dotycz\u0105ce zasad stosowania tej technologii zawarto w sekcji \u201eInformacje dotycz\u0105ce plik\u00f3w cookie\u201d poni\u017cej.<\/p>\n\n\n\n<p>&#8211; Dobrowolno\u015b\u0107 \/ niezb\u0119dno\u015b\u0107 podania danych<br>\u2022 Podanie danych osobowych w zakresie adres e-mail, jest dobrowolne jednak\u017ce niezb\u0119dne do za\u0142o\u017cenia konta.<br>\u2022 Podanie danych osobowych w zakresie imi\u0119, nazwisko, adres, numer telefonu jest dobrowolne jednak\u017ce niezb\u0119dne do realizacji zam\u00f3wie\u0144.<br>\u2022 Podanie danych osobowych w zakresie daty urodzenia jest dobrowolne a brak jej podania nie powoduje \u017cadnych negatywnych konsekwencji.<br>\u2022 Udzielenie zg\u00f3d na przesy\u0142anie informacji handlowych jest dobrowolne a brak ich udzielenia nie powoduje \u017cadnych negatywnych konsekwencji.<\/p>\n\n\n\n<p><br><strong>Osoby przesy\u0142aj\u0105ce zapytania poprzez formularze kontaktowe, poczt\u0119 e-mail oraz telefonicznie<\/strong><\/p>\n\n\n\n<p><strong>&#8211;\u00a0Cele i podstawy przetwarzania danych\u00a0<\/strong>Dane osobowe b\u0119d\u0105 przetwarzane w celu prowadzenia korespondencji elektronicznej oraz realizacji dzia\u0142a\u0144 podj\u0119tych na Pa\u0144stwa pro\u015bb\u0119 (Podstaw\u0105 przetwarzania danych jest uzasadniony interes administratora danych jakim jest prowadzenie korespondencji elektronicznej oraz realizacja dzia\u0142a\u0144 podj\u0119tych na pro\u015bb\u0119 os\u00f3b, kt\u00f3rych dane dotycz\u0105).<\/p>\n\n\n\n<p><strong>&#8211;\u00a0Odbiorcy danych<\/strong>\u00a0Dane te mog\u0105 by\u0107 udost\u0119pniane podmiotom upowa\u017cnionym na podstawie przepis\u00f3w prawa. Dost\u0119p do danych na podstawie stosownych um\u00f3w mog\u0105 posiada\u0107 tak\u017ce dostawcy infrastruktury oraz us\u0142ug IT przetwarzaj\u0105cy dane na zlecenie GRUPA SZAFRA\u0143SKI S.C.<\/p>\n\n\n\n<p><strong>&#8211;\u00a0Dobrowolno\u015b\u0107 \/ obowi\u0105zek podania danych <\/strong>Podanie danych osobowych jest dobrowolne, jednak\u017ce niezb\u0119dne do wymiany korespondencji elektronicznej lub podejmowania dzia\u0142a\u0144 podj\u0119tych na Pa\u0144stwa pro\u015bb\u0119.<\/p>\n\n\n\n<p><br><strong>Osoby, kt\u00f3re zapisa\u0142y si\u0119 do us\u0142ugi Newsletter<\/strong><\/p>\n\n\n\n<p><strong>&#8211; Cele i podstawy przetwarzania danych<\/strong>\u00a0Pa\u0144stwa dane osobowe b\u0119d\u0105 przetwarzane dla cel\u00f3w marketingowych &#8212; przesy\u0142ania informacji o produktach i promocjach dost\u0119pnych w sklepie sklep.superfeet.pl za po\u015brednictwem us\u0142ugi Newsletter (na podstawie art. 6 ust. 1 lit. f &#8211; uzasadnionego interesu administratora danych jakim jest marketing bezpo\u015bredni, w zwi\u0105zku z udzielon\u0105 zgod\u0105 na przesy\u0142anie informacji handlowych)<\/p>\n\n\n\n<p>&#8211; <strong>Odbiorcy danych<\/strong> Dane te mog\u0105 by\u0107 udost\u0119pniane:<br>\u2022 podmiotom upowa\u017cnionym na podstawie przepis\u00f3w prawa<br>\u2022 Dost\u0119p do danych na podstawie stosownych um\u00f3w mog\u0105 posiada\u0107 tak\u017ce dostawcy infrastruktury oraz us\u0142ug IT (w tym firmy hostingowe i firmy zapewniaj\u0105ce rozwi\u0105zania w zakresie e-mail marketingu) przetwarzaj\u0105cy dane na zlecenie\u00a0<strong>GRUPA SZAFRA\u0143SKI S.C.<\/strong><\/p>\n\n\n\n<p>&#8211;\u00a0<strong>Okres przechowywania<\/strong>\u00a0Pa\u0144stwa dane osobowe b\u0119d\u0105 przechowywane do czasu wniesienia przez Pa\u0144stwa sprzeciwu wobec ich przetwarzania b\u0105d\u017a te\u017c wycofania zgody na otrzymywanie informacji handlowych<br>\u2022\u00a0<strong>Podejmowanie decyzji w spos\u00f3b zautomatyzowany, w tym profilowanie<\/strong>\u00a0W celu realizacji dzia\u0142a\u0144 opisanych powy\u017cej, GRUPA SZAFRA\u0143SKI S.C. wykorzystuje profilowanie, tj. wykorzystywanie wybranych czynnik\u00f3w osobowych do analizy preferencji tej\u017ce osoby (tj. w szczeg\u00f3lno\u015bci personalizacji wysy\u0142anych newsletter\u00f3w na podstawie zachowania U\u017cytkownika na stronie sklepu internetowego). Szczeg\u00f3\u0142owe informacje dotycz\u0105ce zasad stosowania tej technologii zawarto w sekcji \u201eInformacje dotycz\u0105ce plik\u00f3w cookie\u201d poni\u017cej.<br>\u2022\u00a0<strong>Dobrowolno\u015b\u0107 \/ obowi\u0105zek podania danych<\/strong> Podanie danych osobowych jest dobrowolne, jednak\u017ce niezb\u0119dne do zapisania si\u0119 do us\u0142ugi NEWSLETTER.<\/p>\n\n\n\n<p><br><strong>Og\u00f3lne zasady dotycz\u0105ce przetwarzania danych osobowych<\/strong><br><br><strong>&#8211;\u00a0Podejmowanie decyzji w spos\u00f3b zautomatyzowany<\/strong>\u00a0W procesach przetwarzania danych osobowych GRUPA SZAFRA\u0143SKI S.C. nie podejmuje decyzji w spos\u00f3b zautomatyzowany, za wyj\u0105tkiem profilowania U\u017cytkownik\u00f3w dla potrzeb wy\u015bwietlania reklamy behawioralnej opisanej. Proces ten szczeg\u00f3\u0142owo zosta\u0142 opisany w sekcji \u201eInformacje dotycz\u0105ce plik\u00f3w cookie\u201d poni\u017cej.<br><br><strong>&#8211;\u00a0Przetwarzanie danych dla cel\u00f3w dochodzenia i obrony przed roszczeniami oraz prowadzenia statystyk<\/strong>\u00a0Dane osobowe na podstawie uzasadnionego interesu administratora danych mog\u0105 by\u0107 przetwarzane przez GRUPA SZAFRA\u0143SKI S.C. tak\u017ce w celu obrony przed roszczeniami jak i w celu ewentualnego dochodzenia roszcze\u0144 oraz w celach prowadzenia statystyk.<br><br><strong>-Przekazywanie danych poza EOG GRUPA SZAFRA\u0143SKI S.C<\/strong>. nie zamierza przekazywa\u0107 danych osobowych do pa\u0144stw trzecich (czyli pa\u0144stw spoza Europejskiego Obszaru Gospodarczego) ani do jakichkolwiek organizacji mi\u0119dzynarodowych.<br><\/p>\n\n\n\n<h2 class=\"wp-block-heading\">Jakie prawa przys\u0142uguj\u0105 mi w zwi\u0105zku z przetwarzaniem przez GRUPA SZAFRA\u0143SKI S.C. moich danych osobowych?<\/h2>\n\n\n\n<p>Posiadaj\u0105 Pa\u0144stwo stosownie do sytuacji prawo do:<br><br>&#8211; \u017c\u0105dania dost\u0119pu do swoich danych osobowych, ich sprostowania, usuni\u0119cia oraz ograniczenia przetwarzania, a tak\u017ce do przenoszenia swoich danych osobowych;<br>&#8211; wycofania udzielonej zgody w dowolnym momencie. Wycofanie zgody, nie wp\u0142ywa na zgodno\u015b\u0107 z prawem przetwarzania, kt\u00f3rego dokonano na podstawie zgody przed jej wycofaniem.<br>&#8211; wniesienia sprzeciwu wobec przetwarzania\u00a0 Pa\u0144stwa danych osobowych<br>&#8211; wniesienia skargi do organu nadzorczego (PUODO \u2013 Prezes Urz\u0119du Ochrony Danych Osobowych)<\/p>\n\n\n\n<p>Macie Pa\u0144stwo mo\u017cliwo\u015b\u0107 podgl\u0105du i edycji Pa\u0144stwa danych, w ka\u017cdym czasie, w ramach Witryny, po zalogowaniu si\u0119 z u\u017cyciem adresu e-mail oraz has\u0142a. W sytuacji, gdy zapomnicie Pa\u0144stwo has\u0142a lub wyst\u0105pienia innych problem\u00f3w z logowaniem, prosimy o kontakt pod adresem e-mail wskazanym poni\u017cej.<\/p>\n\n\n\n<h2 class=\"wp-block-heading\">Gdzie mog\u0119 si\u0119 skontaktowa\u0107 w zwi\u0105zku z pytaniami dotycz\u0105cymi przetwarzania moich danych osobowych oraz realizacj\u0105 przys\u0142uguj\u0105cych mi praw?<\/h2>\n\n\n\n<p>Wszelkie zapytania oraz o\u015bwiadczenia w zakresie ww. praw nale\u017cy kierowa\u0107 pod poni\u017csze dane kontaktowe:<\/p>\n\n\n\n<p><strong>Dane kontaktowe administratora danych:<\/strong><\/p>\n\n\n\n<p>GRUPA SZAFRA\u0143SKI S.C. ul. Andersa 4 43-300 Bielsko-Bia\u0142a<br>e-mail:\u00a0<a href=\"mailto:info@superfeet.p\">info@superfeet.p<\/a><br><br><strong>Dane kontaktowe inspektora ochrony danych:<\/strong><br>e-mail:\u00a0<a href=\"mailto:info@superfeet.p\">info@superfeet.p<\/a><\/p>\n\n\n\n<h2 class=\"wp-block-heading\">Informacje dotycz\u0105ce plik\u00f3w cookie<\/h2>\n\n\n\n<p><strong>Jakie dane zbiera sklep internetowy w spos\u00f3b automatyczny podczas korzystania z Witryny?<\/strong><\/p>\n\n\n\n<p>Sklep internetowy nie zbiera w spos\u00f3b automatyczny \u017cadnych danych, z wyj\u0105tkiem danych zawartych w plikach, o kt\u00f3rych mowa poni\u017cej, podczas samego korzystania z Witryny.<\/p>\n\n\n\n<p>Pliki cookies to ma\u0142e pliki tekstowe wysy\u0142ane przez sklep internetowy i przechowywane na Pa\u0144stwa komputerze zawieraj\u0105ce pewne informacje zwi\u0105zane z korzystaniem przez Pa\u0144stwa z Witryny i Sklepu Internetowego. Wykorzystywane przez sklep internetowy pliki cookies mog\u0105 mie\u0107 charakter tymczasowy lub trwa\u0142y. Tymczasowe pliki cookies s\u0105 usuwane z chwil\u0105 zamkni\u0119cia przegl\u0105darki, natomiast sta\u0142e pliki cookies s\u0105 przechowywane tak\u017ce po zako\u0144czeniu korzystania przez Pa\u0144stwa z Witryny i s\u0142u\u017c\u0105 do przechowywania informacji takich jak Pa\u0144stwa has\u0142o czy login, co przyspiesza i u\u0142atwia korzystanie z Witryny.<\/p>\n\n\n\n<p><strong>W ramach Witryny stosowane s\u0105 nast\u0119puj\u0105ce rodzaje plik\u00f3w cookies:<\/strong><br><br>&#8211; pliki cookies umo\u017cliwiaj\u0105ce korzystanie z us\u0142ug dost\u0119pnych w ramach Witryny, np. uwierzytelniaj\u0105ce pliki cookies wykorzystywane do us\u0142ug wymagaj\u0105cych uwierzytelniania w ramach Witryny<br>&#8211; &#8222;wydajno\u015bciowe&#8221; pliki cookies, umo\u017cliwiaj\u0105ce zbieranie informacji o sposobie korzystania ze stron internetowych Witryny<br>&#8211; &#8222;funkcjonalne&#8221; pliki cookies, umo\u017cliwiaj\u0105ce &#8222;zapami\u0119tanie&#8221; wybranych przez u\u017cytkownika ustawie\u0144 i personalizacj\u0119 interfejsu u\u017cytkownika<br>&#8211; marketingowe pliki cookies, umo\u017cliwiaj\u0105ce wy\u015bwietlanie u\u017cytkownikom reklam, kt\u00f3re s\u0105 dostoswane do ich preferencji<\/p>\n\n\n\n<p><strong>Sklep internetowy wykorzystuje poni\u017cej wymienione pliki cookie w nast\u0119puj\u0105cych celach:<\/strong><\/p>\n\n\n\n<p>&#8211; utrzymanie sesji u\u017cytkownika Witryny (po zalogowaniu), dzi\u0119ki kt\u00f3rej u\u017cytkownik nie musi na ka\u017cdej podstronie Witryny ponownie wpisywa\u0107 loginu i has\u0142a<br>&#8211; dostosowania zawarto\u015bci stron internetowych Witryny do preferencji u\u017cytkownika oraz optymalizacji korzystania ze stron internetowych; w szczeg\u00f3lno\u015bci pliki te pozwalaj\u0105 rozpozna\u0107 urz\u0105dzenie u\u017cytkownika Witryny i odpowiednio wy\u015bwietli\u0107 stron\u0119 internetow\u0105, dostosowan\u0105 do jego indywidualnych potrzeb<br>&#8211; tworzenia statystyk, kt\u00f3re pomagaj\u0105 zrozumie\u0107, w jaki spos\u00f3b u\u017cytkownicy Witryny korzystaj\u0105 ze stron internetowych, co umo\u017cliwia ulepszanie ich struktury i zawarto\u015bci<\/p>\n\n\n\n<p>&#8211;\u00a0<strong>dla cel\u00f3w reklamy behawioralnej &#8211; wy\u015bwietlaniu u\u017cytkownikom reklam, kt\u00f3re s\u0105 dostosowane do ich preferencji (na podstawie art. 6 ust. 1 lit. f RODO \u2013 prawnie uzasadnionego interesu administratora danych jakim jest marketing bezpo\u015bredni \u2013 w przypadku udzielenia zgody na wykorzystywanie plik\u00f3w cookie)<\/strong><\/p>\n\n\n\n<p>W wielu przypadkach oprogramowanie s\u0142u\u017c\u0105ce do przegl\u0105dania stron internetowych (przegl\u0105darka internetowa) domy\u015blnie dopuszcza przechowywanie plik\u00f3w cookies w urz\u0105dzeniu ko\u0144cowym u\u017cytkownika. Mo\u017cecie Pa\u0144stwo dokona\u0107 w ka\u017cdym czasie zmiany ustawie\u0144 dotycz\u0105cych plik\u00f3w cookies. Ustawienia te mog\u0105 zosta\u0107 zmienione w szczeg\u00f3lno\u015bci w taki spos\u00f3b, aby blokowa\u0107 automatyczn\u0105 obs\u0142ug\u0119 plik\u00f3w cookies w ustawieniach przegl\u0105darki internetowej b\u0105d\u017a informowa\u0107 o ich ka\u017cdorazowym zamieszczeniu w Pa\u0144stwa urz\u0105dzeniu. Szczeg\u00f3\u0142owe informacje o mo\u017cliwo\u015bci i sposobach obs\u0142ugi plik\u00f3w cookies dost\u0119pne s\u0105 w ustawieniach oprogramowania (przegl\u0105darki internetowej). Sklep Internetowy informuje, \u017ce ograniczenia stosowania plik\u00f3w cookies mog\u0105 wp\u0142yn\u0105\u0107 na niekt\u00f3re funkcjonalno\u015bci dost\u0119pne na stronach internetowych Witryny. Wi\u0119cej informacji na temat plik\u00f3w cookies dost\u0119pnych jest w sekcji &#8222;Pomoc&#8221; w menu przegl\u0105darki internetowej.<\/p>\n\n\n\n<p>Obok plik\u00f3w cookies sklep internetowy mo\u017ce r\u00f3wnie\u017c gromadzi\u0107 dane zwyczajowo zbierane przez administrator\u00f3w system\u00f3w internetowych w ramach tzw. log\u00f3w lub plik\u00f3w dziennika. Informacje zawarte w logach mog\u0105 obejmowa\u0107 m.in. Pa\u0144stwa adres IP, rodzaj platformy i przegl\u0105darki internetowej, dostawc\u0119 Internetu oraz adres strony, z kt\u00f3rej weszli\u015bcie Pa\u0144stwo na Witryn\u0119.<\/p>\n\n\n\n<p>Niekt\u00f3re podstrony w ramach Witryny oraz inne \u015brodki komunikacji z Pa\u0144stwem mog\u0105 zawiera\u0107 tzw. &#8222;web beacons&#8221; (tzw. elektroniczne obrazki). Web beacons pozwalaj\u0105 na otrzymanie informacji takich jak np. adres IP komputera, na kt\u00f3ry za\u0142adowana zosta\u0142a strona, na kt\u00f3rej web beacon zosta\u0142 zamieszczony, numer URL strony, czas za\u0142adowania strony, rodzaj przegl\u0105darki, jak r\u00f3wnie\u017c informacje zawarte w cookies, w celu oceny efektywno\u015bci naszych reklam. Dane te b\u0119d\u0105 archiwizowane i wykorzystywane w celach analizy statystycznej i oceny globalnego ruchu u\u017cytkownik\u00f3w Witryny. Dane te nie b\u0119d\u0105 \u0142\u0105czone z przekazanymi przez Pa\u0144stwo danymi osobowymi.<\/p>\n\n\n\n<p><strong>Pliki cookies zewn\u0119trzne<\/strong><\/p>\n\n\n\n<p>&#8211; GRUPA SZAFRA\u0143SKI S.C. wykorzystuje rozwi\u0105zania z zakresu plik\u00f3w cookie i analogicznych technologii nast\u0119puj\u0105cych podmiot\u00f3w zewn\u0119trznych:<br><br>a) Google Ireland Limited \u2013 Google Adwords, Google Analytics &#8211; rozwi\u0105zania wykorzystywane dla cel\u00f3w analitycznych oraz reklamowych (wy\u015bwietlania naszych reklam w sieci reklamowej Google). U\u017cytkownik mo\u017ce w ka\u017cdej chwili zablokowa\u0107 wykorzystywanie jego danych w Google Analytics\u00a0<a href=\"https:\/\/tools.google.com\/dlpage\/gaoptout\">w tym miejscu<\/a>.\u00a0 \u00a0<br>b) Facebook Inc. \u2013 Facebook Pixel &#8211; rozwi\u0105zania wykorzystywane dla cel\u00f3w analitycznych oraz reklamowych (wy\u015bwietlania naszych reklam w sieci reklamowej Facebook). U\u017cytkownik mo\u017ce w ka\u017cdej chwili zapozna\u0107 si\u0119 z zasadami przetwarzania jego danych, w tym zablokowa\u0107 wykorzystywanie tych danych przez Facebook\u00a0<a href=\"https:\/\/www.facebook.com\/help\/568137493302217\">w tym miejscu.<\/a><\/p>\n\n\n\n<p>&#8211; Rozwi\u0105zania, o kt\u00f3rych mowa powy\u017cej s\u0105 wykorzystywane m.in. w celu dostosowywania reklam do preferencji u\u017cytkownik\u00f3w oraz dla cel\u00f3w analitycznych. Rozwi\u0105zania te pozwalaj\u0105 \u015bledzi\u0107 dzia\u0142ania U\u017cytkownik\u00f3w w ramach sklepu (np. dodanie produktu do koszyka). Na tej podstawie U\u017cytkownikowi mog\u0105 by\u0107 wy\u015bwietlane reklamy Sklepu internetowego w ramach sieci reklamowej Google \/ Facebook.<\/p>\n\n\n\n<p>Wi\u0119cej informacji na temat plik\u00f3w cookies mog\u0105 Pa\u0144stwo znale\u017a\u0107 w sekcji \u201ePomoc\u201d w menu przegl\u0105darki internetowej.<\/p>\n\n\n\n<h2 class=\"wp-block-heading\">\u015arodki techniczne i Pa\u0144stwa obowi\u0105zki<\/h2>\n\n\n\n<p>Sklep internetowy dok\u0142ada wszelkich mo\u017cliwych stara\u0144, aby zabezpieczy\u0107 Pa\u0144stwa dane i ochroni\u0107 je przed dzia\u0142aniami os\u00f3b trzecich. Podj\u0119te przez nas dzia\u0142ania mog\u0105 okaza\u0107 si\u0119 jednak niewystarczaj\u0105ce, je\u017celi sami nie zachowaj\u0105 Pa\u0144stwo zasad bezpiecze\u0144stwa. W szczeg\u00f3lno\u015bci musz\u0105 Pa\u0144stwo zachowa\u0107 w poufno\u015bci login i has\u0142o do Witryny i nie udost\u0119pnia\u0107 ich osobom trzecim. Prosz\u0119 pami\u0119ta\u0107, \u017ce sklep internetowy nie b\u0119dzie zwraca\u0142 si\u0119 do Pa\u0144stwa z pro\u015bb\u0105 o ich podanie, z wyj\u0105tkiem podania ich w trakcie logowania na Witrynie. W celu uniemo\u017cliwienia korzystania z pa\u0144stwa konta osobom nieuprawnionym, prosimy si\u0119 wylogowa\u0107 po zako\u0144czeniu korzystania z Witryny.<\/p>\n\n\n\n<h2 class=\"wp-block-heading\">Inne strony internetowe<\/h2>\n\n\n\n<p>W ramach Witryny mog\u0105 pojawia\u0107 si\u0119 okresowo linki do innych stron internetowych. Takie strony internetowe dzia\u0142aj\u0105 niezale\u017cnie od Witryny i nie s\u0105 w \u017caden spos\u00f3b nadzorowane przez sklep internetowy. Strony te mog\u0105 posiada\u0107 w\u0142asne polityki dotycz\u0105ce prywatno\u015bci, z kt\u00f3rymi zalecamy si\u0119 zapozna\u0107. Sklep internetowy nie ponosi odpowiedzialno\u015bci za zasady post\u0119powania z danymi w ramach tych stron.<\/p>\n\n\n\n<h2 class=\"wp-block-heading\">Pytania i zastrze\u017cenia<\/h2>\n\n\n\n<p>Pytania i zastrze\u017cenia dotycz\u0105ce niniejszej Polityki prywatno\u015bci mog\u0105 by\u0107 przez Pa\u0144stwa kierowane do:\u00a0<span style=\"text-decoration: underline;\">info@superfeet.pl<\/span><\/p>\n\n\n\n<h2 class=\"wp-block-heading\"><\/h2>\n\n\n\n<p><\/p>\n","protected":false},"excerpt":{"rendered":"<p>Kto jest administratorem moich danych osobowych? Administratorem danych osobowych jest\u00a0GRUPA SZAFRA\u0143SKI S.C Marcin Szafra\u0144ski Ewa Szafra\u0144ska, NIP 547-19-76-513, REGON 072860583 z siedzib\u0105 pod adresem: Al. Gen W\u0142adys\u0142awa Andersa 4, 43-300 Bielsko-Bia\u0142a; wpisy do CEIDG: 52464, 52456 Jakie dane osobowe przetwarza Administrator? GRUPA SZAFRA\u0143SKI S.C.\u00a0jako administrator danych osobowych (w zakresie prowadzenia sklepu internetowego\u00a0https:\/\/sklep.superfeet.pl) w rozumieniu RODO&hellip;&nbsp;<a href=\"https:\/\/sklep.superfeet.pl\/index.php\/privacy-policy\/\" rel=\"bookmark\">Dowiedz si\u0119 wi\u0119cej &raquo;<span class=\"screen-reader-text\">Polityka prywatno\u015bci<\/span><\/a><\/p>\n","protected":false},"author":1,"featured_media":0,"parent":0,"menu_order":0,"comment_status":"closed","ping_status":"closed","template":"","meta":{"neve_meta_sidebar":"","neve_meta_container":"","neve_meta_enable_content_width":"","neve_meta_content_width":0,"neve_meta_title_alignment":"","neve_meta_author_avatar":"","neve_post_elements_order":"","neve_meta_disable_header":"","neve_meta_disable_footer":"","neve_meta_disable_title":"","footnotes":""},"class_list":["post-3","page","type-page","status-publish","hentry"],"_links":{"self":[{"href":"https:\/\/sklep.superfeet.pl\/index.php\/wp-json\/wp\/v2\/pages\/3","targetHints":{"allow":["GET"]}}],"collection":[{"href":"https:\/\/sklep.superfeet.pl\/index.php\/wp-json\/wp\/v2\/pages"}],"about":[{"href":"https:\/\/sklep.superfeet.pl\/index.php\/wp-json\/wp\/v2\/types\/page"}],"author":[{"embeddable":true,"href":"https:\/\/sklep.superfeet.pl\/index.php\/wp-json\/wp\/v2\/users\/1"}],"replies":[{"embeddable":true,"href":"https:\/\/sklep.superfeet.pl\/index.php\/wp-json\/wp\/v2\/comments?post=3"}],"version-history":[{"count":5,"href":"https:\/\/sklep.superfeet.pl\/index.php\/wp-json\/wp\/v2\/pages\/3\/revisions"}],"predecessor-version":[{"id":452,"href":"https:\/\/sklep.superfeet.pl\/index.php\/wp-json\/wp\/v2\/pages\/3\/revisions\/452"}],"wp:attachment":[{"href":"https:\/\/sklep.superfeet.pl\/index.php\/wp-json\/wp\/v2\/media?parent=3"}],"curies":[{"name":"wp","href":"https:\/\/api.w.org\/{rel}","templated":true}]}}